{"id":107,"date":"2021-12-13T22:50:16","date_gmt":"2021-12-13T22:50:16","guid":{"rendered":"http:\/\/mutercim.az\/?page_id=107"},"modified":"2022-04-12T06:28:03","modified_gmt":"2022-04-12T06:28:03","slug":"bizim-saytimiza-xos-g%c9%99lmisiniz","status":"publish","type":"page","link":"https:\/\/mutercim.az\/","title":{"rendered":"Bizim sayt\u0131m\u0131za xo\u015f g\u0259lmisiniz!"},"content":{"rendered":"\n<div class=\"wp-block-image\"><figure class=\"alignleft size-full is-resized\"><img decoding=\"async\" src=\"https:\/\/mutercim.az\/wp-content\/uploads\/2021\/11\/cropped-LOQO-e1636616681599.png\" alt=\"\" class=\"wp-image-17\" width=\"167\" height=\"167\"\/><\/figure><\/div>\n\n\n\n<p><strong>&#171;M<\/strong><strong>\u00dcT\u018fRC\u0130M&#187; &#8212; N\u0259\u015friyyat-Poliqrafiya M\u0259rk\u0259zi<\/strong>&nbsp;1993-c\u00fc ild\u0259n f\u0259aliyy\u0259t g\u00f6st\u0259r\u0259n &#171;M\u00fct\u0259rcim&#187; &#8212; T\u0259rc\u00fcm\u0259 M\u0259rk\u0259zinin t\u0259sis\u00e7iliyi il\u0259 yarad\u0131lm\u0131\u015fd\u0131r. Az\u0259rbaycan Respublikas\u0131nda yarad\u0131lan ilk \u00f6z\u0259l n\u0259\u015friyyatlardand\u0131r. \u018fsas\u0259n t\u0259rc\u00fcm\u0259 \u0259d\u0259biyyatlar\u0131n\u0131n, l\u00fc\u011f\u0259tl\u0259rin, ali v\u0259 orta ixtisas m\u0259kt\u0259bl\u0259ri \u00fc\u00e7\u00fcn d\u0259rslik v\u0259 d\u0259rs v\u0259saitl\u0259rinin n\u0259\u015fri sah\u0259sind\u0259 ixtisasla\u015fm\u0131\u015fd\u0131r. \u0130ld\u0259 orta hesabla 100-120 adda kitab n\u0259\u015fr edir. N\u0259\u015friyyat\u0131n y\u00fcks\u0259k ixtisasl\u0131 kadr potensial\u0131 v\u0259 m\u00fcasir t\u0259l\u0259bl\u0259r\u0259 cavab ver\u0259n maddi-texniki bazas\u0131 vard\u0131r. N\u0259\u015friyyat\u0131n n\u0259\u015fr etdiyi kitablar \u00f6z m\u0259zmunu, oxucu auditoriyas\u0131n\u0131 qiym\u0259tl\u0259ndirm\u0259k, b\u0259dii t\u0259rtibat v\u0259 n\u0259fis \u00e7ap bax\u0131m\u0131ndan h\u0259mi\u015f\u0259 y\u00fcks\u0259k qiym\u0259tl\u0259ndirilmi\u015fdir.<br>\u2003N\u0259\u015friyyat 1999 v\u0259 2001-ci ill\u0259rd\u0259 \u00ab\u0130lin n\u0259\u015friyyat\u0131\u00bb ad\u0131na layiq g\u00f6r\u00fclm\u00fc\u015fd\u00fcr. Bir s\u0131ra respublika v\u0259 beyn\u0259lxalq kitab s\u0259rgil\u0259rinin nominant\u0131 olmu\u015fdur. M\u00fcxt\u0259lif kitab s\u0259rgi v\u0259 yarmarkalarda n\u0259\u015friyyat\u0131n \u00e7ap etdiyi kitablardan A.Hacyevin \u00abRenessansn\u0131y mir \u00abXamse\u00bb Nizami Qyandjevi\u00bb &#8212; \u00ab\u0259n m\u0259zmunlu kitab\u00bb, R.\u018fkb\u0259rovun \u00ab\u0130lk tibbi yard\u0131m\u00bb kitab\u0131 \u2013 \u00abtibbi bilikl\u0259rin t\u0259bli\u011fi\u00bb, V.Yusiflinin \u00abT\u0259nqid d\u0259 yarad\u0131c\u0131l\u0131qd\u0131r\u00bb kitab\u0131 \u2013 \u00ab\u0259n yax\u015f\u0131 t\u0259nqidi kitab\u00bb, T.C\u0259f\u0259rovun \u00abTyrko-slavyanskiye svyazi v literature drevney Rusi\u00bb kitab\u0131 \u2013 \u00ab\u0259n yax\u015f\u0131 \u0259d\u0259biyyat tarixi kitab\u0131\u00bb, R.\u018fkb\u0259rovun \u00abPovest v\u0259 hekay\u0259l\u0259r\u00bb kitab\u0131 \u2013 \u00abilin satira kitab\u0131\u00bb, F.Dostoyevskinin \u00abKaramazov qarda\u015flar\u0131\u00bb roman\u0131 (t\u0259rc\u00fcm\u0259 ed\u0259ni Telman V\u0259lixanl\u0131) \u2013 \u00abilin b\u0259dii t\u0259rc\u00fcm\u0259 kitab\u0131\u00bb, \u00abDil\u00e7ilik ensiklopediyas\u0131\u00bb \u2013 \u00abilin filoloji layih\u0259si\u00bb, h\u0259m\u00e7inin \u00abM\u00fct\u0259rcim\u00bb jurnal\u0131 \u2013 \u00abilin t\u0259rc\u00fcm\u0259 jurnal\u0131\u00bb v\u0259 s. nominasiyalar\u0131n qalibi olmu\u015fdur.<br>\u2003N\u0259\u015friyyat respublikan\u0131n yarad\u0131c\u0131 birlikl\u0259ri (Az\u0259rbaycan Yaz\u0131\u00e7\u0131lar Birliyi, Az\u0259rbaycan Jurnalistl\u0259r Birliyi, \u00abSodrujestvo\u00bb, \u00abLu\u00e7\u00bb, \u00abYujn\u0131y treuqolnik\u00bb v\u0259 s.), respublikan\u0131n v\u0259 xarici \u00f6lk\u0259l\u0259rin n\u00fcfuzlu ali t\u0259hsil ocaqlar\u0131 (Bak\u0131 D\u00f6vl\u0259t Universiteti, Bak\u0131 Slavyan Universiteti, Az\u0259rbaycan Dill\u0259r Universiteti, Az\u0259rbaycan D\u00f6vl\u0259t Pedaqoji Universiteti, Az\u0259rbaycan D\u00f6vl\u0259t Neft v\u0259 S\u0259nay\u0259 \u0130nstitutu, \u0259l-F\u0259rabi ad\u0131na Qazax\u0131stan D\u00f6vl\u0259t Universiteti, A.S.Pu\u015fkin ad\u0131na D\u00f6vl\u0259t Rus Dili \u0130nstitutu, Voronej D\u00f6vl\u0259t Pedaqoji \u0130nstitutu (Rusiya) v\u0259 s., elmi-t\u0259dqiqat m\u00fc\u0259ssis\u0259l\u0259ri (AMEA-n\u0131n \u018fd\u0259biyyat, Dil\u00e7ilik \u0130nstitutlar\u0131 v\u0259 s.,) Az\u0259rbaycan Respublikas\u0131n\u0131n T\u0259hsil \u0130nstitutu, h\u0259m\u00e7inin xarici \u00f6lk\u0259l\u0259rin bir s\u0131ra qabaqc\u0131l n\u0259\u015friyyat v\u0259 jurnallar\u0131 (\u00abZlatoust\u00bb, \u00abSputnik+\u00bb, \u00abRAE\u00bb, \u00abRosizdat\u00bb, \u00abLitera\u00bb, \u00abNauka i jizn Kazaxstana\u00bb v\u0259 s.) il\u0259 s\u0131x \u0259m\u0259kda\u015fl\u0131q edir.<\/p>\n\n\n\n<figure class=\"wp-block-video aligncenter\"><video height=\"1080\" style=\"aspect-ratio: 1920 \/ 1080;\" width=\"1920\" controls src=\"https:\/\/mutercim.az\/wp-content\/uploads\/2021\/12\/dsvrfetg.mp4\"><\/video><\/figure>\n\n\n\n<p><strong>&#171;M\u00fct\u0259rcim&#187; T\u0259rc\u00fcm\u0259 M\u0259rk\u0259zi&nbsp;<\/strong>filologiya elml\u0259ri doktoru, professor Telman C\u0259f\u0259rovun (V\u0259lixanl\u0131) t\u0259\u015f\u0259bb\u00fcs\u00fc il\u0259 1993-c\u00fc ild\u0259 t\u0259sis edilmi\u015fdir v\u0259 bu g\u00fcn d\u0259 \u00f6z i\u015fini u\u011furla davam etdirir. M\u0259rk\u0259z a\u015fa\u011f\u0131dak\u0131 istiqam\u0259tl\u0259rd\u0259 f\u0259aliyy\u0259t g\u00f6st\u0259rir:<\/p>\n\n\n\n<ul class=\"wp-block-list\"><li>\u0130st\u0259nil\u0259n m\u00f6vzulu m\u0259tnl\u0259rin xarici dill\u0259rd\u0259n (ingilis, frans\u0131z, alman, ispan, italyan, \u0259r\u0259b, fars, rus, polyak, bolqar, yunan, \u00e7ex v\u0259. s) Az\u0259rbaycan dilin\u0259 v\u0259 \u0259ksin\u0259 keyfiyy\u0259tli t\u0259rc\u00fcm\u0259si;<\/li><li>Kitab, bro\u015f\u00fcra, q\u0259zet v\u0259 jurnallar\u0131n n\u0259\u015fr\u0259 haz\u0131rlanmas\u0131 v\u0259 \u00e7ap\u0131;<\/li><li>Dissertasiya v\u0259 avtoreferatlar\u0131n, dig\u0259r m\u0259tnl\u0259rin komp\u00fcterd\u0259 y\u0131\u011f\u0131m\u0131 v\u0259 \u00e7ap\u0131;<\/li><li>Ali m\u0259kt\u0259bl\u0259rin bakalavriat v\u0259 magistratura s\u0259viyy\u0259l\u0259rin\u0259, D\u00f6vl\u0259t qullu\u011funa v\u0259 m\u00fc\u0259lliml\u0259rin i\u015f\u0259 q\u0259buluna haz\u0131rl\u0131q.<\/li><li>\u0130ngilis dili v\u0259 komp\u00fcter kurslar\u0131n\u0131n t\u0259\u015fkili.<\/li><\/ul>\n\n\n\n<p>\u2003M\u0259rk\u0259zd\u0259 y\u00fcks\u0259k ixtisasl\u0131 10 \u0259m\u0259kda\u015f f\u0259aliyy\u0259t g\u00f6st\u0259rir.<\/p>\n\n\n\n<p><\/p>\n","protected":false},"excerpt":{"rendered":"<p>&#171;M\u00dcT\u018fRC\u0130M&#187; &#8212; N\u0259\u015friyyat-Poliqrafiya M\u0259rk\u0259zi&nbsp;1993-c\u00fc ild\u0259n f\u0259aliyy\u0259t g\u00f6st\u0259r\u0259n &#171;M\u00fct\u0259rcim&#187; &#8212; T\u0259rc\u00fcm\u0259 M\u0259rk\u0259zinin t\u0259sis\u00e7iliyi il\u0259 yarad\u0131lm\u0131\u015fd\u0131r. Az\u0259rbaycan Respublikas\u0131nda yarad\u0131lan ilk \u00f6z\u0259l n\u0259\u015friyyatlardand\u0131r. \u018fsas\u0259n t\u0259rc\u00fcm\u0259 \u0259d\u0259biyyatlar\u0131n\u0131n, l\u00fc\u011f\u0259tl\u0259rin, ali v\u0259 orta ixtisas m\u0259kt\u0259bl\u0259ri \u00fc\u00e7\u00fcn d\u0259rslik v\u0259 d\u0259rs v\u0259saitl\u0259rinin n\u0259\u015fri sah\u0259sind\u0259 ixtisasla\u015fm\u0131\u015fd\u0131r. \u0130ld\u0259 orta hesabla 100-120 adda kitab n\u0259\u015fr edir. N\u0259\u015friyyat\u0131n y\u00fcks\u0259k ixtisasl\u0131 kadr potensial\u0131 v\u0259 m\u00fcasir t\u0259l\u0259bl\u0259r\u0259 cavab ver\u0259n &hellip; <\/p>\n<p class=\"link-more\"><a href=\"https:\/\/mutercim.az\/\" class=\"more-link\">\u0427\u0438\u0442\u0430\u0442\u044c \u0434\u0430\u043b\u0435\u0435<span class=\"screen-reader-text\"> \u00abBizim sayt\u0131m\u0131za xo\u015f g\u0259lmisiniz!\u00bb<\/span><\/a><\/p>\n","protected":false},"author":1,"featured_media":0,"parent":0,"menu_order":0,"comment_status":"closed","ping_status":"closed","template":"","meta":{"footnotes":""},"class_list":["post-107","page","type-page","status-publish","hentry"],"yoast_head":"<!-- This site is optimized with the Yoast SEO plugin v26.9 - https:\/\/yoast.com\/product\/yoast-seo-wordpress\/ -->\n<title>M\u00fct\u0259rcim n\u0259\u015friyyat\u0131 | Kitab sifari\u015fi | \u0418\u0437\u0434\u0430\u0442\u0435\u043b\u044c\u0441\u0442\u0432\u043e \u043a\u043d\u0438\u0433 | HUMAN\u0130TAR ELML\u018fR\u0130N \u00d6YR\u018fN\u0130LM\u018fS\u0130N\u0130N AKTUAL PROBLEML\u018fR\u0130<\/title>\n<meta name=\"robots\" content=\"index, follow, max-snippet:-1, max-image-preview:large, max-video-preview:-1\" \/>\n<link rel=\"canonical\" href=\"https:\/\/mutercim.az\/\" \/>\n<meta property=\"og:locale\" content=\"ru_RU\" \/>\n<meta property=\"og:type\" content=\"article\" \/>\n<meta property=\"og:title\" content=\"M\u00fct\u0259rcim n\u0259\u015friyyat\u0131 | Kitab sifari\u015fi | \u0418\u0437\u0434\u0430\u0442\u0435\u043b\u044c\u0441\u0442\u0432\u043e \u043a\u043d\u0438\u0433 | HUMAN\u0130TAR ELML\u018fR\u0130N \u00d6YR\u018fN\u0130LM\u018fS\u0130N\u0130N AKTUAL PROBLEML\u018fR\u0130\" \/>\n<meta property=\"og:description\" content=\"&#171;M\u00dcT\u018fRC\u0130M&#187; &#8212; N\u0259\u015friyyat-Poliqrafiya M\u0259rk\u0259zi&nbsp;1993-c\u00fc ild\u0259n f\u0259aliyy\u0259t g\u00f6st\u0259r\u0259n &#171;M\u00fct\u0259rcim&#187; &#8212; T\u0259rc\u00fcm\u0259 M\u0259rk\u0259zinin t\u0259sis\u00e7iliyi il\u0259 yarad\u0131lm\u0131\u015fd\u0131r. Az\u0259rbaycan Respublikas\u0131nda yarad\u0131lan ilk \u00f6z\u0259l n\u0259\u015friyyatlardand\u0131r. \u018fsas\u0259n t\u0259rc\u00fcm\u0259 \u0259d\u0259biyyatlar\u0131n\u0131n, l\u00fc\u011f\u0259tl\u0259rin, ali v\u0259 orta ixtisas m\u0259kt\u0259bl\u0259ri \u00fc\u00e7\u00fcn d\u0259rslik v\u0259 d\u0259rs v\u0259saitl\u0259rinin n\u0259\u015fri sah\u0259sind\u0259 ixtisasla\u015fm\u0131\u015fd\u0131r. \u0130ld\u0259 orta hesabla 100-120 adda kitab n\u0259\u015fr edir. N\u0259\u015friyyat\u0131n y\u00fcks\u0259k ixtisasl\u0131 kadr potensial\u0131 v\u0259 m\u00fcasir t\u0259l\u0259bl\u0259r\u0259 cavab ver\u0259n &hellip; \u0427\u0438\u0442\u0430\u0442\u044c \u0434\u0430\u043b\u0435\u0435 \u00abBizim sayt\u0131m\u0131za xo\u015f g\u0259lmisiniz!\u00bb\" \/>\n<meta property=\"og:url\" content=\"https:\/\/mutercim.az\/\" \/>\n<meta property=\"article:modified_time\" content=\"2022-04-12T06:28:03+00:00\" \/>\n<meta property=\"og:image\" content=\"https:\/\/mutercim.az\/wp-content\/uploads\/2021\/11\/cropped-LOQO-e1636616681599.png\" \/>\n\t<meta property=\"og:image:width\" content=\"250\" \/>\n\t<meta property=\"og:image:height\" content=\"250\" \/>\n\t<meta property=\"og:image:type\" content=\"image\/png\" \/>\n<meta name=\"twitter:card\" content=\"summary_large_image\" \/>\n<meta name=\"twitter:label1\" content=\"\u041f\u0440\u0438\u043c\u0435\u0440\u043d\u043e\u0435 \u0432\u0440\u0435\u043c\u044f \u0434\u043b\u044f \u0447\u0442\u0435\u043d\u0438\u044f\" \/>\n\t<meta name=\"twitter:data1\" content=\"3 \u043c\u0438\u043d\u0443\u0442\u044b\" \/>\n<script type=\"application\/ld+json\" class=\"yoast-schema-graph\">{\"@context\":\"https:\/\/schema.org\",\"@graph\":[{\"@type\":\"WebPage\",\"@id\":\"https:\/\/mutercim.az\/\",\"url\":\"https:\/\/mutercim.az\/\",\"name\":\"M\u00fct\u0259rcim n\u0259\u015friyyat\u0131 | Kitab sifari\u015fi | \u0418\u0437\u0434\u0430\u0442\u0435\u043b\u044c\u0441\u0442\u0432\u043e \u043a\u043d\u0438\u0433 | HUMAN\u0130TAR ELML\u018fR\u0130N \u00d6YR\u018fN\u0130LM\u018fS\u0130N\u0130N AKTUAL PROBLEML\u018fR\u0130\",\"isPartOf\":{\"@id\":\"https:\/\/mutercim.az\/#website\"},\"primaryImageOfPage\":{\"@id\":\"https:\/\/mutercim.az\/#primaryimage\"},\"image\":{\"@id\":\"https:\/\/mutercim.az\/#primaryimage\"},\"thumbnailUrl\":\"https:\/\/mutercim.az\/wp-content\/uploads\/2021\/11\/cropped-LOQO-e1636616681599.png\",\"datePublished\":\"2021-12-13T22:50:16+00:00\",\"dateModified\":\"2022-04-12T06:28:03+00:00\",\"breadcrumb\":{\"@id\":\"https:\/\/mutercim.az\/#breadcrumb\"},\"inLanguage\":\"ru-RU\",\"potentialAction\":[{\"@type\":\"ReadAction\",\"target\":[\"https:\/\/mutercim.az\/\"]}]},{\"@type\":\"ImageObject\",\"inLanguage\":\"ru-RU\",\"@id\":\"https:\/\/mutercim.az\/#primaryimage\",\"url\":\"https:\/\/mutercim.az\/wp-content\/uploads\/2021\/11\/cropped-LOQO-e1636616681599.png\",\"contentUrl\":\"https:\/\/mutercim.az\/wp-content\/uploads\/2021\/11\/cropped-LOQO-e1636616681599.png\",\"width\":250,\"height\":250},{\"@type\":\"BreadcrumbList\",\"@id\":\"https:\/\/mutercim.az\/#breadcrumb\",\"itemListElement\":[{\"@type\":\"ListItem\",\"position\":1,\"name\":\"\u0413\u043b\u0430\u0432\u043d\u0430\u044f \u0441\u0442\u0440\u0430\u043d\u0438\u0446\u0430\",\"item\":\"https:\/\/mutercim.az\/\"},{\"@type\":\"ListItem\",\"position\":2,\"name\":\"Bizim sayt\u0131m\u0131za xo\u015f g\u0259lmisiniz!\"}]},{\"@type\":\"WebSite\",\"@id\":\"https:\/\/mutercim.az\/#website\",\"url\":\"https:\/\/mutercim.az\/\",\"name\":\"Mutercim\",\"description\":\"\",\"alternateName\":\"Mutarjim\",\"potentialAction\":[{\"@type\":\"SearchAction\",\"target\":{\"@type\":\"EntryPoint\",\"urlTemplate\":\"https:\/\/mutercim.az\/?s={search_term_string}\"},\"query-input\":{\"@type\":\"PropertyValueSpecification\",\"valueRequired\":true,\"valueName\":\"search_term_string\"}}],\"inLanguage\":\"ru-RU\"}]}<\/script>\n<!-- \/ Yoast SEO plugin. -->","yoast_head_json":{"title":"M\u00fct\u0259rcim n\u0259\u015friyyat\u0131 | Kitab sifari\u015fi | \u0418\u0437\u0434\u0430\u0442\u0435\u043b\u044c\u0441\u0442\u0432\u043e \u043a\u043d\u0438\u0433 | HUMAN\u0130TAR ELML\u018fR\u0130N \u00d6YR\u018fN\u0130LM\u018fS\u0130N\u0130N AKTUAL PROBLEML\u018fR\u0130","robots":{"index":"index","follow":"follow","max-snippet":"max-snippet:-1","max-image-preview":"max-image-preview:large","max-video-preview":"max-video-preview:-1"},"canonical":"https:\/\/mutercim.az\/","og_locale":"ru_RU","og_type":"article","og_title":"M\u00fct\u0259rcim n\u0259\u015friyyat\u0131 | Kitab sifari\u015fi | \u0418\u0437\u0434\u0430\u0442\u0435\u043b\u044c\u0441\u0442\u0432\u043e \u043a\u043d\u0438\u0433 | HUMAN\u0130TAR ELML\u018fR\u0130N \u00d6YR\u018fN\u0130LM\u018fS\u0130N\u0130N AKTUAL PROBLEML\u018fR\u0130","og_description":"&#171;M\u00dcT\u018fRC\u0130M&#187; &#8212; N\u0259\u015friyyat-Poliqrafiya M\u0259rk\u0259zi&nbsp;1993-c\u00fc ild\u0259n f\u0259aliyy\u0259t g\u00f6st\u0259r\u0259n &#171;M\u00fct\u0259rcim&#187; &#8212; T\u0259rc\u00fcm\u0259 M\u0259rk\u0259zinin t\u0259sis\u00e7iliyi il\u0259 yarad\u0131lm\u0131\u015fd\u0131r. Az\u0259rbaycan Respublikas\u0131nda yarad\u0131lan ilk \u00f6z\u0259l n\u0259\u015friyyatlardand\u0131r. \u018fsas\u0259n t\u0259rc\u00fcm\u0259 \u0259d\u0259biyyatlar\u0131n\u0131n, l\u00fc\u011f\u0259tl\u0259rin, ali v\u0259 orta ixtisas m\u0259kt\u0259bl\u0259ri \u00fc\u00e7\u00fcn d\u0259rslik v\u0259 d\u0259rs v\u0259saitl\u0259rinin n\u0259\u015fri sah\u0259sind\u0259 ixtisasla\u015fm\u0131\u015fd\u0131r. \u0130ld\u0259 orta hesabla 100-120 adda kitab n\u0259\u015fr edir. N\u0259\u015friyyat\u0131n y\u00fcks\u0259k ixtisasl\u0131 kadr potensial\u0131 v\u0259 m\u00fcasir t\u0259l\u0259bl\u0259r\u0259 cavab ver\u0259n &hellip; \u0427\u0438\u0442\u0430\u0442\u044c \u0434\u0430\u043b\u0435\u0435 \u00abBizim sayt\u0131m\u0131za xo\u015f g\u0259lmisiniz!\u00bb","og_url":"https:\/\/mutercim.az\/","article_modified_time":"2022-04-12T06:28:03+00:00","og_image":[{"width":250,"height":250,"url":"https:\/\/mutercim.az\/wp-content\/uploads\/2021\/11\/cropped-LOQO-e1636616681599.png","type":"image\/png"}],"twitter_card":"summary_large_image","twitter_misc":{"\u041f\u0440\u0438\u043c\u0435\u0440\u043d\u043e\u0435 \u0432\u0440\u0435\u043c\u044f \u0434\u043b\u044f \u0447\u0442\u0435\u043d\u0438\u044f":"3 \u043c\u0438\u043d\u0443\u0442\u044b"},"schema":{"@context":"https:\/\/schema.org","@graph":[{"@type":"WebPage","@id":"https:\/\/mutercim.az\/","url":"https:\/\/mutercim.az\/","name":"M\u00fct\u0259rcim n\u0259\u015friyyat\u0131 | Kitab sifari\u015fi | \u0418\u0437\u0434\u0430\u0442\u0435\u043b\u044c\u0441\u0442\u0432\u043e \u043a\u043d\u0438\u0433 | HUMAN\u0130TAR ELML\u018fR\u0130N \u00d6YR\u018fN\u0130LM\u018fS\u0130N\u0130N AKTUAL PROBLEML\u018fR\u0130","isPartOf":{"@id":"https:\/\/mutercim.az\/#website"},"primaryImageOfPage":{"@id":"https:\/\/mutercim.az\/#primaryimage"},"image":{"@id":"https:\/\/mutercim.az\/#primaryimage"},"thumbnailUrl":"https:\/\/mutercim.az\/wp-content\/uploads\/2021\/11\/cropped-LOQO-e1636616681599.png","datePublished":"2021-12-13T22:50:16+00:00","dateModified":"2022-04-12T06:28:03+00:00","breadcrumb":{"@id":"https:\/\/mutercim.az\/#breadcrumb"},"inLanguage":"ru-RU","potentialAction":[{"@type":"ReadAction","target":["https:\/\/mutercim.az\/"]}]},{"@type":"ImageObject","inLanguage":"ru-RU","@id":"https:\/\/mutercim.az\/#primaryimage","url":"https:\/\/mutercim.az\/wp-content\/uploads\/2021\/11\/cropped-LOQO-e1636616681599.png","contentUrl":"https:\/\/mutercim.az\/wp-content\/uploads\/2021\/11\/cropped-LOQO-e1636616681599.png","width":250,"height":250},{"@type":"BreadcrumbList","@id":"https:\/\/mutercim.az\/#breadcrumb","itemListElement":[{"@type":"ListItem","position":1,"name":"\u0413\u043b\u0430\u0432\u043d\u0430\u044f \u0441\u0442\u0440\u0430\u043d\u0438\u0446\u0430","item":"https:\/\/mutercim.az\/"},{"@type":"ListItem","position":2,"name":"Bizim sayt\u0131m\u0131za xo\u015f g\u0259lmisiniz!"}]},{"@type":"WebSite","@id":"https:\/\/mutercim.az\/#website","url":"https:\/\/mutercim.az\/","name":"Mutercim","description":"","alternateName":"Mutarjim","potentialAction":[{"@type":"SearchAction","target":{"@type":"EntryPoint","urlTemplate":"https:\/\/mutercim.az\/?s={search_term_string}"},"query-input":{"@type":"PropertyValueSpecification","valueRequired":true,"valueName":"search_term_string"}}],"inLanguage":"ru-RU"}]}},"_links":{"self":[{"href":"https:\/\/mutercim.az\/index.php\/wp-json\/wp\/v2\/pages\/107","targetHints":{"allow":["GET"]}}],"collection":[{"href":"https:\/\/mutercim.az\/index.php\/wp-json\/wp\/v2\/pages"}],"about":[{"href":"https:\/\/mutercim.az\/index.php\/wp-json\/wp\/v2\/types\/page"}],"author":[{"embeddable":true,"href":"https:\/\/mutercim.az\/index.php\/wp-json\/wp\/v2\/users\/1"}],"replies":[{"embeddable":true,"href":"https:\/\/mutercim.az\/index.php\/wp-json\/wp\/v2\/comments?post=107"}],"version-history":[{"count":11,"href":"https:\/\/mutercim.az\/index.php\/wp-json\/wp\/v2\/pages\/107\/revisions"}],"predecessor-version":[{"id":426,"href":"https:\/\/mutercim.az\/index.php\/wp-json\/wp\/v2\/pages\/107\/revisions\/426"}],"wp:attachment":[{"href":"https:\/\/mutercim.az\/index.php\/wp-json\/wp\/v2\/media?parent=107"}],"curies":[{"name":"wp","href":"https:\/\/api.w.org\/{rel}","templated":true}]}}