{"id":1232,"date":"2025-04-18T08:00:55","date_gmt":"2025-04-18T08:00:55","guid":{"rendered":"https:\/\/mutercim.az\/?page_id=1232"},"modified":"2025-04-18T09:53:54","modified_gmt":"2025-04-18T09:53:54","slug":"https-mutercim-az-index-php-humanitar-elmlerin-oyrenilmesinin-aktual-problemleri-1-2025","status":"publish","type":"page","link":"https:\/\/mutercim.az\/index.php\/https-mutercim-az-index-php-humanitar-elmlerin-oyrenilmesinin-aktual-problemleri-1-2025\/","title":{"rendered":"HUMAN\u0130TAR ELML\u018fR\u0130N \u00d6YR\u018fN\u0130LM\u018fS\u0130N\u0130N AKTUAL PROBLEML\u018fR\u0130 | \u2116 1\/2025"},"content":{"rendered":"\n<h2 class=\"wp-block-heading\">HUMAN\u0130TAR ELML\u018fR\u0130N \u00d6YR\u018fN\u0130LM\u018fS\u0130N\u0130N AKTUAL PROBLEML\u018fR\u0130 | \u2116 1\/2025<\/h2>\n\n\n\n<figure class=\"wp-block-image size-large is-resized\"><a href=\"https:\/\/mutercim.az\/wp-content\/uploads\/2025\/04\/SBORNIK_1_2025.pdf\"><img fetchpriority=\"high\" decoding=\"async\" width=\"1024\" height=\"214\" src=\"https:\/\/mutercim.az\/wp-content\/uploads\/2024\/07\/6565-1024x214.png\" alt=\"\" class=\"wp-image-741\" style=\"width:354px;height:auto\" srcset=\"https:\/\/mutercim.az\/wp-content\/uploads\/2024\/07\/6565-1024x214.png 1024w, https:\/\/mutercim.az\/wp-content\/uploads\/2024\/07\/6565-300x63.png 300w, https:\/\/mutercim.az\/wp-content\/uploads\/2024\/07\/6565-768x160.png 768w, https:\/\/mutercim.az\/wp-content\/uploads\/2024\/07\/6565-1536x320.png 1536w, https:\/\/mutercim.az\/wp-content\/uploads\/2024\/07\/6565.png 1582w\" sizes=\"(max-width: 767px) 89vw, (max-width: 1000px) 54vw, (max-width: 1071px) 543px, 580px\" \/><\/a><\/figure>\n\n\n\n<h2 class=\"wp-block-heading\">Elmi m\u0259qal\u0259l\u0259r m\u0259cmu\u0259si<\/h2>\n\n\n\n<p><strong>M \u00dc N D \u018f R \u0130 C A T<\/strong><\/p>\n\n\n\n<p>D\u0130L\u00c7\u0130L\u0130K \u2013 LINGUISTICS \u2013 \u041b\u0418\u041d\u0413\u0412\u0418\u0421\u0422\u0418\u041a\u0410<\/p>\n\n\n\n<p><a href=\"https:\/\/mutercim.az\/wp-content\/uploads\/2025\/04\/1-2025.pdf\"><strong>A.T.A\u011eAMALIYEVA<\/strong> | DETERM\u0130NANTLI\u011eIN \u0130FAD\u018f VAS\u0130T\u018fL\u018fR\u0130 |<strong> 10.62021\/0026-0028.2025.1.005<\/strong><\/a><\/p>\n\n\n\n<p><a href=\"https:\/\/mutercim.az\/wp-content\/uploads\/2025\/04\/2-2025.pdf\"><strong>S.N.ASLANOVA<\/strong> | TERM\u0130NL\u018fR\u0130N YARANMASINDA \u00dcMUM\u0130\u015eL\u018fK LEKS\u0130KANIN ROLU | <strong>10.62021\/0026-0028.2025.1.011<\/strong><\/a><\/p>\n\n\n\n<p><a href=\"https:\/\/mutercim.az\/wp-content\/uploads\/2025\/04\/3-2025.pdf\"><strong>P.M.C\u018fF\u018fROVA<\/strong> | \u0130NG\u0130L\u0130S D\u0130L\u0130ND\u018f \u0130NTONAS\u0130YANIN KOMMUN\u0130KAT\u0130V FUNKS\u0130YASININ ONUN D\u0130G\u018fR FUNKS\u0130YALARI \u0130L\u018f \u018fLAQ\u018fS\u0130N\u018f DA\u0130R |<strong> 10.62021\/0026-0028.2025.1.016<\/strong><\/a><\/p>\n\n\n\n<p><a href=\"https:\/\/mutercim.az\/wp-content\/uploads\/2025\/04\/4-2025.pdf\"><strong>A.\u015e.\u018fL\u0130YEVA<\/strong> | \u0130NG\u0130L\u0130S D\u0130L\u0130ND\u018f [L] SAM\u0130T\u0130N\u0130N VAR\u0130AT\u0130VL\u018f\u015eM\u018fS\u0130N\u018f DA\u0130R | <strong>10.62021\/0026-0028.2025.1.023<\/strong><\/a><\/p>\n\n\n\n<p><a href=\"https:\/\/mutercim.az\/wp-content\/uploads\/2025\/04\/5-2025.pdf\"><strong>T.E.\u018fL\u0130YEVA<\/strong> | QLOBOLLA\u015eMA \u015e\u018fRA\u0130T\u0130ND\u018f \u0130NG\u0130L\u0130S D\u0130L\u0130N\u0130N SOS\u0130OL\u0130NQV\u0130ST\u0130K ADAPTAS\u0130YASI | <strong>10.62021\/0026-0028.2025.1.027<\/strong><\/a><\/p>\n\n\n\n<p><a href=\"https:\/\/mutercim.az\/wp-content\/uploads\/2025\/04\/6-2025.pdf\"><strong>V.F.\u018fL\u0130YEVA <\/strong>| FRANSIZ D\u0130L\u0130ND\u018fK\u0130 ATALAR S\u00d6ZL\u018fR\u0130 V\u018f DEY\u0130ML\u018fR\u0130N AZ\u018fRBAYCAN D\u0130L\u0130ND\u018f \u0130\u015eL\u018fNM\u018f YOLLARI | <strong>10.62021\/0026-0028.2025.1.032<\/strong><\/a><\/p>\n\n\n\n<p><a href=\"https:\/\/mutercim.az\/wp-content\/uploads\/2025\/04\/7-2025.pdf\"><strong>J.S.\u0130SMAYILOVA<\/strong> | \u0130NG\u0130L\u0130S D\u0130L\u0130N\u0130N AMER\u0130KAN VAR\u0130ANTININ YARANMASINA T\u018fS\u0130R ED\u018fN AM\u0130LL\u018fR | <strong>10.62021\/0026-0028.2025.1.063<\/strong><\/a><\/p>\n\n\n\n<p><a href=\"https:\/\/mutercim.az\/wp-content\/uploads\/2025\/04\/8-2025.pdf\"><strong>\u018f.Q.K\u018fR\u0130ML\u0130<\/strong> | D\u0130L V\u018f C\u018fM\u0130YY\u018fT \u2013 SOS\u0130AL H\u018fYATIN \u018fSAS KOMPONENTL\u018fR\u0130 | 1<strong>0.62021\/0026-0028.2025.1.068<\/strong><\/a><\/p>\n\n\n\n<p><a href=\"https:\/\/mutercim.az\/wp-content\/uploads\/2025\/04\/9-2025.pdf\"><strong>E.A.QURBANOV<\/strong> | KONSEPTUAL METAFORA KOQN\u0130T\u0130V D\u0130L\u00c7\u0130L\u0130Y\u0130N \u018fSAS \u00a0\u0130ST\u0130QAM\u018fTL\u018fR\u0130ND\u018fN B\u0130R\u0130 K\u0130M\u0130 |<strong> 10.62021\/0026-0028.2025.1.077<\/strong><\/a><\/p>\n\n\n\n<p><a href=\"https:\/\/mutercim.az\/wp-content\/uploads\/2025\/04\/10-2025.pdf\"><strong>G.\u018f.SALMANOVA<\/strong> | T\u018fRC\u00dcM\u018fD\u018f FUNKS\u0130ONAL EKV\u0130VALENTL\u0130K ANLAYI\u015eI | <strong>10.62021\/0026-0028.2025.1.101<\/strong><\/a><\/p>\n\n\n\n<p><a href=\"https:\/\/mutercim.az\/wp-content\/uploads\/2025\/04\/11-2025.pdf\"><strong>\u018f.\u018f.Z\u00dcLF\u00dcQAROVA <\/strong>| \u0130NG\u0130L\u0130S D\u0130L\u0130ND\u018f FRAZEOLOJ\u0130 VAH\u0130DL\u018fR\u0130 ANLAMAQ \u00dc\u00c7\u00dcN | KOQN\u0130T\u0130V YANA\u015eMALAR |<strong> 10.62021\/0026-0028.2025.1.120<\/strong><\/a><\/p>\n\n\n\n<p><a href=\"https:\/\/mutercim.az\/wp-content\/uploads\/2025\/04\/12-2025.pdf\"><strong>\u0420.\u0420.\u0428\u0418\u0425\u0410\u041c\u0418\u0420\u041e\u0412\u0410 <\/strong>| \u041a\u041e\u0413\u041d\u0418\u0422\u0418\u0412\u041d\u042b\u0419 \u041f\u041e\u0414\u0425\u041e\u0414 \u0412 \u0418\u0417\u0423\u0427\u0415\u041d\u0418\u0418 \u041f\u041e\u0421\u041b\u041e\u0412\u0418\u0426 \u041e \u0416\u0415\u041d\u0429\u0418\u041d\u0415 \u0421 \u041e\u0422\u0420\u0418\u0426\u0410\u0422\u0415\u041b\u042c\u041d\u041e\u0419 \u041a\u041e\u041d\u041d\u041e\u0422\u0410\u0426\u0418\u0415\u0419 | <strong>10.62021\/0026-0028.2025.1.155<\/strong><\/a><\/p>\n\n\n\n<p>\u018fD\u018fB\u0130YYAT\u015e\u00dcNASLIQ \u2013 LITERARY STUDIES \u2013 \u041b\u0418\u0422\u0415\u0420\u0410\u0422\u0423\u0420\u041e\u0412\u0415\u0414\u0415\u041d\u0418\u0415<\/p>\n\n\n\n<p><a href=\"https:\/\/mutercim.az\/wp-content\/uploads\/2025\/04\/13-2025.pdf\"><strong>T.H.C\u018fF\u018fROV<\/strong> | TYURKOSLAV\u0130ST\u0130KA: T\u00dcRK S\u0130V\u0130L\u0130ZAS\u0130YALARI V\u018f M\u018fD\u018fN\u0130YY\u018fTL\u018fR\u0130N\u0130N \u00d6YR\u018fN\u0130LM\u018fS\u0130ND\u018f YEN\u0130 M\u018fRH\u018fL\u018f | <strong>10.62021\/0026-0028.2025.1.161<\/strong><\/a><\/p>\n\n\n\n<p><a href=\"https:\/\/mutercim.az\/wp-content\/uploads\/2025\/04\/14-2025.pdf\"><strong>R.X.\u018fL\u0130YEVA<\/strong> | XVIII \u018fSR AZ\u018fRBAYCAN A\u015eIQ \u018fD\u018fB\u0130YYATINDA B\u018fD\u0130\u0130 D\u0130L\u0130N \u0130NK\u0130\u015eAFI (M.P.Vaqif, M.V.Vidadi, X.Qas\u0131m\u0131n yarad\u0131c\u0131l\u0131\u011f\u0131 \u0259sas\u0131nda) | <strong>10.62021\/0026-0028.2025.1.174<\/strong><\/a><\/p>\n\n\n\n<p><a href=\"https:\/\/mutercim.az\/wp-content\/uploads\/2025\/04\/15-2025.pdf\"><strong>F.N.\u0130SAYEVA<\/strong> | \u00d6ZG\u018fL\u018f\u015eM\u018f FENOMEN\u0130 M\u00dcAS\u0130R ROMAN\u00c7ILI\u011eIN AKTUAL PROBLEM\u0130 K\u0130M\u0130 |<strong> 10.62021\/0026-0028.2025.1.178<\/strong><\/a><\/p>\n\n\n\n<p><a href=\"https:\/\/mutercim.az\/wp-content\/uploads\/2025\/04\/16-2025.pdf\"><strong>A.\u018f.QUL\u0130YEVA <\/strong>| C.MOYES\u0130N \u201cS\u018fND\u018fN \u018fVV\u018fL M\u018fN\u201d \u018fS\u018fR\u0130ND\u018f METAFORLAR | <strong>10.62021\/0026-0028.2025.1.188<\/strong><\/a><\/p>\n\n\n\n<p>PEDAQOG\u0130KA. METOD\u0130KA. PS\u0130XOLOG\u0130YA \u2013<br>PEDAGOGY. METHODS. PSYCHOLOGY \u2013<br>\u041f\u0415\u0414\u0410\u0413\u041e\u0413\u0418\u041a\u0410. \u041c\u0415\u0422\u041e\u0414\u0418\u041a\u0410. \u041f\u0421\u0418\u0425\u041e\u041b\u041e\u0413\u0418\u042f<\/p>\n\n\n\n<p><a href=\"https:\/\/mutercim.az\/wp-content\/uploads\/2025\/04\/17-2025.pdf\"><strong>T.T.AXUNDOVA<\/strong> | D\u0130L FAK\u00dcLT\u018fL\u018fR\u0130N\u0130N A\u015eA\u011eI KURSLARINDA \u015e\u0130FAH\u0130 N\u0130TQ\u0130N \u00d6YR\u018fD\u0130LM\u018fS\u0130N\u0130N L\u0130NQV\u0130ST\u0130K \u018fSASLARI | <strong>10.62021\/0026-0028.2025.1.213<\/strong><\/a><\/p>\n\n\n\n<p><a href=\"https:\/\/mutercim.az\/wp-content\/uploads\/2025\/04\/18-2025.pdf\"><strong>Y.M.BABANLI<\/strong> | H\u018fRB\u0130 QULLUQ\u00c7ULARIN H\u018fRB\u0130-F\u0130Z\u0130K\u0130 HAZIRLIQ PROSES\u0130ND\u018f \u015e\u018fXS\u0130YY\u018fT\u0130N FORMALA\u015eMASI\u00a0 | <strong>10.62021\/0026-0028.2025.1.218<\/strong><\/a><\/p>\n\n\n\n<p><a href=\"https:\/\/mutercim.az\/wp-content\/uploads\/2025\/04\/19-2025.pdf\"><strong>L.M.BAYRAMOVA<\/strong> | PEDAQOG\u0130KADA \u0130DRAK F\u018fAL\u0130YY\u018fT\u0130N\u0130N AKT\u0130VL\u018f\u015eD\u0130R\u0130LM\u018fS\u0130 PROBLEM\u0130N\u0130N T\u018fDQ\u0130Q\u0130 TAR\u0130X\u0130N\u018f DA\u0130R | <strong>10.62021\/0026-0028.2025.1.224<\/strong><\/a><\/p>\n\n\n\n<p><a href=\"https:\/\/mutercim.az\/wp-content\/uploads\/2025\/04\/20-2025.pdf\"><strong>S.A.C\u018fF\u018fROV,<\/strong>\u00a0 <strong>M.\u0130.\u0130SMAYILOVA<\/strong> | F\u0130Z\u0130KA KURSUNDA N\u00dcV\u018f F\u0130Z\u0130KASININ M\u00d6VZULARININ T\u018fDR\u0130S\u0130 METOD\u0130KASI | <strong>10.62021\/0026-0028.2025.1.233<\/strong><\/a><\/p>\n\n\n\n<p><a href=\"https:\/\/mutercim.az\/wp-content\/uploads\/2025\/04\/21-2025.pdf\"><strong>G.H.EYVAZLI<\/strong> | \u0130NG\u0130L\u0130S D\u0130L\u0130 D\u018fRSL\u018fR\u0130ND\u018f T\u018fL\u018fB\u018fL\u018fRD\u018f XAR\u0130C\u0130 MOT\u0130VAS\u0130YANIN T\u018fS\u0130R\u0130N\u0130 ARTIRAN VAS\u0130T\u018fL\u018fR | <strong>10.62021\/0026-0028.2025.1.248<\/strong><\/a><\/p>\n\n\n\n<p><a href=\"https:\/\/mutercim.az\/wp-content\/uploads\/2025\/04\/22-2025.pdf\"><strong>\u0130.\u018f.\u018fHM\u018fDOVA<\/strong> | FORTEP\u0130ANO M\u018f\u015e\u011e\u018fL\u018fL\u018fR\u0130ND\u018f M\u00dcST\u018fQ\u0130L \u0130\u015eL\u018fM\u018fK QAB\u0130L\u0130YY\u018fT\u0130N\u0130N T\u018fRB\u0130Y\u018fL\u018fND\u0130R\u0130LM\u018fS\u0130 | <strong>10.62021\/0026-0028.2025.1.259<\/strong><\/a><\/p>\n\n\n\n<p><a href=\"https:\/\/mutercim.az\/wp-content\/uploads\/2025\/04\/23-2025.pdf\"><strong>T.\u018f.\u018fL\u0130YEVA<\/strong> | PEDAQOG\u0130KADA T\u018fL\u0130M TEXNOLOG\u0130YALARI ANLAYI\u015eI | <strong>10.62021\/0026-0028.2025.1.263<\/strong><\/a><\/p>\n\n\n\n<p><a href=\"https:\/\/mutercim.az\/wp-content\/uploads\/2025\/04\/24-2025.pdf\"><strong>M.B.\u018fMRAHOVA<\/strong> | \u0130\u015eG\u00dcZAR V\u018f AKADEM\u0130K KOMMUN\u0130KAS\u0130YANIN T\u018fDR\u0130S\u0130ND\u018f M\u00dcAS\u0130R YANA\u015eMALAR | <strong>10.62021\/0026-0028.2025.1.268<\/strong><\/a><\/p>\n\n\n\n<p><a href=\"https:\/\/mutercim.az\/wp-content\/uploads\/2025\/04\/25-2025.pdf\"><strong>G.K.HACIYEVA<\/strong> | AL\u0130 M\u018fKT\u018fBL\u018fR\u0130N YUXARI T\u018fDR\u0130S \u0130LL\u018fR\u0130ND\u018f \u0130NG\u0130L\u0130S D\u0130L\u0130ND\u018f \u0130D\u0130OMAT\u0130K \u0130FAD\u018fL\u018fR\u0130N T\u018fDR\u0130S\u0130ND\u018f AUTENT\u0130K M\u018fTNL\u018fR\u0130N ROLU | <strong>10.62021\/0026-0028.2025.1.273<\/strong><\/a><\/p>\n\n\n\n<p><a href=\"https:\/\/mutercim.az\/wp-content\/uploads\/2025\/04\/26-2025.pdf\"><strong>X.Q.\u0130BRAH\u0130MOVA, \u0130.\u018f.DADA\u015eOV<\/strong> | B\u0130OLOG\u0130YANIN T\u018fDR\u0130S\u0130ND\u018f S\u0130TUAS\u0130YA M\u018fS\u018fL\u018fL\u018fR\u0130N\u0130N H\u018fLL\u0130 TEXNOLOG\u0130YASINDA F\u018fNDAX\u0130L\u0130 \u0130NTEQRAS\u0130YANIN T\u018fTB\u0130Q\u0130 | <strong>10.62021\/0026-0028.2025.1.278<\/strong><\/a><\/p>\n\n\n\n<p><a href=\"https:\/\/mutercim.az\/wp-content\/uploads\/2025\/04\/27-2025.pdf\"><strong>J.F.MEHR\u018fL\u0130YEVA<\/strong> | D\u0130L FAK\u00dcLT\u018fL\u018fR\u0130 T\u018fL\u018fB\u018fL\u018fR\u0130ND\u018f M\u018fD\u018fN\u0130YY\u018fTL\u018fRARASI KOMPETENS\u0130YANIN FORMALA\u015eMA MEXAN\u0130ZML\u018fR\u0130 | <strong>10.62021\/0026-0028.2025.1.293<\/strong><\/a><\/p>\n\n\n\n<p><a href=\"https:\/\/mutercim.az\/wp-content\/uploads\/2025\/04\/28-2025.pdf\"><strong>Y.B.S\u018fM\u018fDOV,\u00a0 N.R.M\u018fMM\u018fDOV<\/strong> | T\u018fKM\u00dcBAR\u0130ZL\u0130K \u0130DMAN N\u00d6VL\u018fR\u0130 \u0130L\u018f M\u018f\u015e\u011eUL OLAN \u0130DMAN\u00c7ILARIN ORQAN\u0130ZM\u0130N\u0130N MORFO-FUNKS\u0130ONAL V\u018fZ\u0130YY\u018fT\u0130N\u018f S\u0130STEMAT\u0130K Y\u00dcKL\u018fR\u0130N T\u018fS\u0130R\u0130N\u018f DA\u0130R | <strong>10.62021\/0026-0028.2025.1.309<\/strong><\/a><\/p>\n\n\n\n<p><a href=\"https:\/\/mutercim.az\/wp-content\/uploads\/2025\/04\/29-2025.pdf\"><strong>S.T.V\u018fL\u0130YEVA<\/strong> | COP 29 \u0130QL\u0130M D\u018fY\u0130\u015e\u0130KL\u0130KL\u018fR\u0130 \u0130L\u018f BA\u011eLI PROBLEML\u018fR\u0130N H\u018fLL\u0130N\u018f Y\u00d6N\u018fLM\u0130\u015e D\u00dcNYA \u018fH\u018fM\u0130YY\u018fTL\u0130 T\u018fDB\u0130R K\u0130M\u0130 | <strong>10.62021\/0026-0028.2025.1.319<\/strong><\/a><\/p>\n\n\n\n<p><a href=\"https:\/\/mutercim.az\/wp-content\/uploads\/2025\/04\/30-2025.pdf\"><strong>J.G.AGHAYEVA<\/strong> | THE CHALLENGES OF TEACHING CULTURAL CONTEXT IN LANGUAGE WITH HELP OF AI |<strong> 10.62021\/0026-0028.2025.1.326<\/strong><\/a><\/p>\n","protected":false},"excerpt":{"rendered":"<p>HUMAN\u0130TAR ELML\u018fR\u0130N \u00d6YR\u018fN\u0130LM\u018fS\u0130N\u0130N AKTUAL PROBLEML\u018fR\u0130 | \u2116 1\/2025 Elmi m\u0259qal\u0259l\u0259r m\u0259cmu\u0259si M \u00dc N D \u018f R \u0130 C A T D\u0130L\u00c7\u0130L\u0130K \u2013 LINGUISTICS \u2013 \u041b\u0418\u041d\u0413\u0412\u0418\u0421\u0422\u0418\u041a\u0410 A.T.A\u011eAMALIYEVA | DETERM\u0130NANTLI\u011eIN \u0130FAD\u018f VAS\u0130T\u018fL\u018fR\u0130 | 10.62021\/0026-0028.2025.1.005 S.N.ASLANOVA | TERM\u0130NL\u018fR\u0130N YARANMASINDA \u00dcMUM\u0130\u015eL\u018fK LEKS\u0130KANIN ROLU | 10.62021\/0026-0028.2025.1.011 P.M.C\u018fF\u018fROVA | \u0130NG\u0130L\u0130S D\u0130L\u0130ND\u018f \u0130NTONAS\u0130YANIN KOMMUN\u0130KAT\u0130V FUNKS\u0130YASININ ONUN D\u0130G\u018fR FUNKS\u0130YALARI \u0130L\u018f \u018fLAQ\u018fS\u0130N\u018f DA\u0130R &hellip; <\/p>\n<p class=\"link-more\"><a href=\"https:\/\/mutercim.az\/index.php\/https-mutercim-az-index-php-humanitar-elmlerin-oyrenilmesinin-aktual-problemleri-1-2025\/\" class=\"more-link\">\u0427\u0438\u0442\u0430\u0442\u044c \u0434\u0430\u043b\u0435\u0435<span class=\"screen-reader-text\"> \u00abHUMAN\u0130TAR ELML\u018fR\u0130N \u00d6YR\u018fN\u0130LM\u018fS\u0130N\u0130N AKTUAL PROBLEML\u018fR\u0130 | \u2116 1\/2025\u00bb<\/span><\/a><\/p>\n","protected":false},"author":1,"featured_media":0,"parent":0,"menu_order":0,"comment_status":"closed","ping_status":"closed","template":"","meta":{"footnotes":""},"class_list":["post-1232","page","type-page","status-publish","hentry"],"yoast_head":"<!-- This site is optimized with the Yoast SEO plugin v27.4 - https:\/\/yoast.com\/product\/yoast-seo-wordpress\/ -->\n<title>M\u00fct\u0259rcim n\u0259\u015friyyat\u0131 | Kitab sifari\u015fi | \u0418\u0437\u0434\u0430\u0442\u0435\u043b\u044c\u0441\u0442\u0432\u043e \u043a\u043d\u0438\u0433 | HUMAN\u0130TAR ELML\u018fR\u0130N \u00d6YR\u018fN\u0130LM\u018fS\u0130N\u0130N AKTUAL PROBLEML\u018fR\u0130<\/title>\n<meta name=\"robots\" content=\"index, follow, max-snippet:-1, max-image-preview:large, max-video-preview:-1\" \/>\n<link rel=\"canonical\" href=\"https:\/\/mutercim.az\/index.php\/https-mutercim-az-index-php-humanitar-elmlerin-oyrenilmesinin-aktual-problemleri-1-2025\/\" \/>\n<meta property=\"og:locale\" content=\"ru_RU\" \/>\n<meta property=\"og:type\" content=\"article\" \/>\n<meta property=\"og:title\" content=\"M\u00fct\u0259rcim n\u0259\u015friyyat\u0131 | Kitab sifari\u015fi | \u0418\u0437\u0434\u0430\u0442\u0435\u043b\u044c\u0441\u0442\u0432\u043e \u043a\u043d\u0438\u0433 | HUMAN\u0130TAR ELML\u018fR\u0130N \u00d6YR\u018fN\u0130LM\u018fS\u0130N\u0130N AKTUAL PROBLEML\u018fR\u0130\" \/>\n<meta property=\"og:description\" content=\"HUMAN\u0130TAR ELML\u018fR\u0130N \u00d6YR\u018fN\u0130LM\u018fS\u0130N\u0130N AKTUAL PROBLEML\u018fR\u0130 | \u2116 1\/2025 Elmi m\u0259qal\u0259l\u0259r m\u0259cmu\u0259si M \u00dc N D \u018f R \u0130 C A T D\u0130L\u00c7\u0130L\u0130K \u2013 LINGUISTICS \u2013 \u041b\u0418\u041d\u0413\u0412\u0418\u0421\u0422\u0418\u041a\u0410 A.T.A\u011eAMALIYEVA | DETERM\u0130NANTLI\u011eIN \u0130FAD\u018f VAS\u0130T\u018fL\u018fR\u0130 | 10.62021\/0026-0028.2025.1.005 S.N.ASLANOVA | TERM\u0130NL\u018fR\u0130N YARANMASINDA \u00dcMUM\u0130\u015eL\u018fK LEKS\u0130KANIN ROLU | 10.62021\/0026-0028.2025.1.011 P.M.C\u018fF\u018fROVA | \u0130NG\u0130L\u0130S D\u0130L\u0130ND\u018f \u0130NTONAS\u0130YANIN KOMMUN\u0130KAT\u0130V FUNKS\u0130YASININ ONUN D\u0130G\u018fR FUNKS\u0130YALARI \u0130L\u018f \u018fLAQ\u018fS\u0130N\u018f DA\u0130R &hellip; \u0427\u0438\u0442\u0430\u0442\u044c \u0434\u0430\u043b\u0435\u0435 \u00abHUMAN\u0130TAR ELML\u018fR\u0130N \u00d6YR\u018fN\u0130LM\u018fS\u0130N\u0130N AKTUAL PROBLEML\u018fR\u0130 | \u2116 1\/2025\u00bb\" \/>\n<meta property=\"og:url\" content=\"https:\/\/mutercim.az\/index.php\/https-mutercim-az-index-php-humanitar-elmlerin-oyrenilmesinin-aktual-problemleri-1-2025\/\" \/>\n<meta property=\"article:modified_time\" content=\"2025-04-18T09:53:54+00:00\" \/>\n<meta property=\"og:image\" content=\"https:\/\/mutercim.az\/wp-content\/uploads\/2024\/07\/6565.png\" \/>\n\t<meta property=\"og:image:width\" content=\"1582\" \/>\n\t<meta property=\"og:image:height\" content=\"330\" \/>\n\t<meta property=\"og:image:type\" content=\"image\/png\" \/>\n<meta name=\"twitter:card\" content=\"summary_large_image\" \/>\n<meta name=\"twitter:label1\" content=\"\u041f\u0440\u0438\u043c\u0435\u0440\u043d\u043e\u0435 \u0432\u0440\u0435\u043c\u044f \u0434\u043b\u044f \u0447\u0442\u0435\u043d\u0438\u044f\" \/>\n\t<meta name=\"twitter:data1\" content=\"3 \u043c\u0438\u043d\u0443\u0442\u044b\" \/>\n<script type=\"application\/ld+json\" class=\"yoast-schema-graph\">{\"@context\":\"https:\\\/\\\/schema.org\",\"@graph\":[{\"@type\":\"WebPage\",\"@id\":\"https:\\\/\\\/mutercim.az\\\/index.php\\\/https-mutercim-az-index-php-humanitar-elmlerin-oyrenilmesinin-aktual-problemleri-1-2025\\\/\",\"url\":\"https:\\\/\\\/mutercim.az\\\/index.php\\\/https-mutercim-az-index-php-humanitar-elmlerin-oyrenilmesinin-aktual-problemleri-1-2025\\\/\",\"name\":\"M\u00fct\u0259rcim n\u0259\u015friyyat\u0131 | Kitab sifari\u015fi | \u0418\u0437\u0434\u0430\u0442\u0435\u043b\u044c\u0441\u0442\u0432\u043e \u043a\u043d\u0438\u0433 | HUMAN\u0130TAR ELML\u018fR\u0130N \u00d6YR\u018fN\u0130LM\u018fS\u0130N\u0130N AKTUAL PROBLEML\u018fR\u0130\",\"isPartOf\":{\"@id\":\"https:\\\/\\\/mutercim.az\\\/#website\"},\"primaryImageOfPage\":{\"@id\":\"https:\\\/\\\/mutercim.az\\\/index.php\\\/https-mutercim-az-index-php-humanitar-elmlerin-oyrenilmesinin-aktual-problemleri-1-2025\\\/#primaryimage\"},\"image\":{\"@id\":\"https:\\\/\\\/mutercim.az\\\/index.php\\\/https-mutercim-az-index-php-humanitar-elmlerin-oyrenilmesinin-aktual-problemleri-1-2025\\\/#primaryimage\"},\"thumbnailUrl\":\"https:\\\/\\\/mutercim.az\\\/wp-content\\\/uploads\\\/2024\\\/07\\\/6565-1024x214.png\",\"datePublished\":\"2025-04-18T08:00:55+00:00\",\"dateModified\":\"2025-04-18T09:53:54+00:00\",\"breadcrumb\":{\"@id\":\"https:\\\/\\\/mutercim.az\\\/index.php\\\/https-mutercim-az-index-php-humanitar-elmlerin-oyrenilmesinin-aktual-problemleri-1-2025\\\/#breadcrumb\"},\"inLanguage\":\"ru-RU\",\"potentialAction\":[{\"@type\":\"ReadAction\",\"target\":[\"https:\\\/\\\/mutercim.az\\\/index.php\\\/https-mutercim-az-index-php-humanitar-elmlerin-oyrenilmesinin-aktual-problemleri-1-2025\\\/\"]}]},{\"@type\":\"ImageObject\",\"inLanguage\":\"ru-RU\",\"@id\":\"https:\\\/\\\/mutercim.az\\\/index.php\\\/https-mutercim-az-index-php-humanitar-elmlerin-oyrenilmesinin-aktual-problemleri-1-2025\\\/#primaryimage\",\"url\":\"https:\\\/\\\/mutercim.az\\\/wp-content\\\/uploads\\\/2024\\\/07\\\/6565.png\",\"contentUrl\":\"https:\\\/\\\/mutercim.az\\\/wp-content\\\/uploads\\\/2024\\\/07\\\/6565.png\",\"width\":1582,\"height\":330},{\"@type\":\"BreadcrumbList\",\"@id\":\"https:\\\/\\\/mutercim.az\\\/index.php\\\/https-mutercim-az-index-php-humanitar-elmlerin-oyrenilmesinin-aktual-problemleri-1-2025\\\/#breadcrumb\",\"itemListElement\":[{\"@type\":\"ListItem\",\"position\":1,\"name\":\"\u0413\u043b\u0430\u0432\u043d\u0430\u044f \u0441\u0442\u0440\u0430\u043d\u0438\u0446\u0430\",\"item\":\"https:\\\/\\\/mutercim.az\\\/\"},{\"@type\":\"ListItem\",\"position\":2,\"name\":\"HUMAN\u0130TAR ELML\u018fR\u0130N \u00d6YR\u018fN\u0130LM\u018fS\u0130N\u0130N AKTUAL PROBLEML\u018fR\u0130 | \u2116 1\\\/2025\"}]},{\"@type\":\"WebSite\",\"@id\":\"https:\\\/\\\/mutercim.az\\\/#website\",\"url\":\"https:\\\/\\\/mutercim.az\\\/\",\"name\":\"Mutercim\",\"description\":\"\",\"alternateName\":\"Mutarjim\",\"potentialAction\":[{\"@type\":\"SearchAction\",\"target\":{\"@type\":\"EntryPoint\",\"urlTemplate\":\"https:\\\/\\\/mutercim.az\\\/?s={search_term_string}\"},\"query-input\":{\"@type\":\"PropertyValueSpecification\",\"valueRequired\":true,\"valueName\":\"search_term_string\"}}],\"inLanguage\":\"ru-RU\"}]}<\/script>\n<!-- \/ Yoast SEO plugin. -->","yoast_head_json":{"title":"M\u00fct\u0259rcim n\u0259\u015friyyat\u0131 | Kitab sifari\u015fi | \u0418\u0437\u0434\u0430\u0442\u0435\u043b\u044c\u0441\u0442\u0432\u043e \u043a\u043d\u0438\u0433 | HUMAN\u0130TAR ELML\u018fR\u0130N \u00d6YR\u018fN\u0130LM\u018fS\u0130N\u0130N AKTUAL PROBLEML\u018fR\u0130","robots":{"index":"index","follow":"follow","max-snippet":"max-snippet:-1","max-image-preview":"max-image-preview:large","max-video-preview":"max-video-preview:-1"},"canonical":"https:\/\/mutercim.az\/index.php\/https-mutercim-az-index-php-humanitar-elmlerin-oyrenilmesinin-aktual-problemleri-1-2025\/","og_locale":"ru_RU","og_type":"article","og_title":"M\u00fct\u0259rcim n\u0259\u015friyyat\u0131 | Kitab sifari\u015fi | \u0418\u0437\u0434\u0430\u0442\u0435\u043b\u044c\u0441\u0442\u0432\u043e \u043a\u043d\u0438\u0433 | HUMAN\u0130TAR ELML\u018fR\u0130N \u00d6YR\u018fN\u0130LM\u018fS\u0130N\u0130N AKTUAL PROBLEML\u018fR\u0130","og_description":"HUMAN\u0130TAR ELML\u018fR\u0130N \u00d6YR\u018fN\u0130LM\u018fS\u0130N\u0130N AKTUAL PROBLEML\u018fR\u0130 | \u2116 1\/2025 Elmi m\u0259qal\u0259l\u0259r m\u0259cmu\u0259si M \u00dc N D \u018f R \u0130 C A T D\u0130L\u00c7\u0130L\u0130K \u2013 LINGUISTICS \u2013 \u041b\u0418\u041d\u0413\u0412\u0418\u0421\u0422\u0418\u041a\u0410 A.T.A\u011eAMALIYEVA | DETERM\u0130NANTLI\u011eIN \u0130FAD\u018f VAS\u0130T\u018fL\u018fR\u0130 | 10.62021\/0026-0028.2025.1.005 S.N.ASLANOVA | TERM\u0130NL\u018fR\u0130N YARANMASINDA \u00dcMUM\u0130\u015eL\u018fK LEKS\u0130KANIN ROLU | 10.62021\/0026-0028.2025.1.011 P.M.C\u018fF\u018fROVA | \u0130NG\u0130L\u0130S D\u0130L\u0130ND\u018f \u0130NTONAS\u0130YANIN KOMMUN\u0130KAT\u0130V FUNKS\u0130YASININ ONUN D\u0130G\u018fR FUNKS\u0130YALARI \u0130L\u018f \u018fLAQ\u018fS\u0130N\u018f DA\u0130R &hellip; \u0427\u0438\u0442\u0430\u0442\u044c \u0434\u0430\u043b\u0435\u0435 \u00abHUMAN\u0130TAR ELML\u018fR\u0130N \u00d6YR\u018fN\u0130LM\u018fS\u0130N\u0130N AKTUAL PROBLEML\u018fR\u0130 | \u2116 1\/2025\u00bb","og_url":"https:\/\/mutercim.az\/index.php\/https-mutercim-az-index-php-humanitar-elmlerin-oyrenilmesinin-aktual-problemleri-1-2025\/","article_modified_time":"2025-04-18T09:53:54+00:00","og_image":[{"width":1582,"height":330,"url":"https:\/\/mutercim.az\/wp-content\/uploads\/2024\/07\/6565.png","type":"image\/png"}],"twitter_card":"summary_large_image","twitter_misc":{"\u041f\u0440\u0438\u043c\u0435\u0440\u043d\u043e\u0435 \u0432\u0440\u0435\u043c\u044f \u0434\u043b\u044f \u0447\u0442\u0435\u043d\u0438\u044f":"3 \u043c\u0438\u043d\u0443\u0442\u044b"},"schema":{"@context":"https:\/\/schema.org","@graph":[{"@type":"WebPage","@id":"https:\/\/mutercim.az\/index.php\/https-mutercim-az-index-php-humanitar-elmlerin-oyrenilmesinin-aktual-problemleri-1-2025\/","url":"https:\/\/mutercim.az\/index.php\/https-mutercim-az-index-php-humanitar-elmlerin-oyrenilmesinin-aktual-problemleri-1-2025\/","name":"M\u00fct\u0259rcim n\u0259\u015friyyat\u0131 | Kitab sifari\u015fi | \u0418\u0437\u0434\u0430\u0442\u0435\u043b\u044c\u0441\u0442\u0432\u043e \u043a\u043d\u0438\u0433 | HUMAN\u0130TAR ELML\u018fR\u0130N \u00d6YR\u018fN\u0130LM\u018fS\u0130N\u0130N AKTUAL PROBLEML\u018fR\u0130","isPartOf":{"@id":"https:\/\/mutercim.az\/#website"},"primaryImageOfPage":{"@id":"https:\/\/mutercim.az\/index.php\/https-mutercim-az-index-php-humanitar-elmlerin-oyrenilmesinin-aktual-problemleri-1-2025\/#primaryimage"},"image":{"@id":"https:\/\/mutercim.az\/index.php\/https-mutercim-az-index-php-humanitar-elmlerin-oyrenilmesinin-aktual-problemleri-1-2025\/#primaryimage"},"thumbnailUrl":"https:\/\/mutercim.az\/wp-content\/uploads\/2024\/07\/6565-1024x214.png","datePublished":"2025-04-18T08:00:55+00:00","dateModified":"2025-04-18T09:53:54+00:00","breadcrumb":{"@id":"https:\/\/mutercim.az\/index.php\/https-mutercim-az-index-php-humanitar-elmlerin-oyrenilmesinin-aktual-problemleri-1-2025\/#breadcrumb"},"inLanguage":"ru-RU","potentialAction":[{"@type":"ReadAction","target":["https:\/\/mutercim.az\/index.php\/https-mutercim-az-index-php-humanitar-elmlerin-oyrenilmesinin-aktual-problemleri-1-2025\/"]}]},{"@type":"ImageObject","inLanguage":"ru-RU","@id":"https:\/\/mutercim.az\/index.php\/https-mutercim-az-index-php-humanitar-elmlerin-oyrenilmesinin-aktual-problemleri-1-2025\/#primaryimage","url":"https:\/\/mutercim.az\/wp-content\/uploads\/2024\/07\/6565.png","contentUrl":"https:\/\/mutercim.az\/wp-content\/uploads\/2024\/07\/6565.png","width":1582,"height":330},{"@type":"BreadcrumbList","@id":"https:\/\/mutercim.az\/index.php\/https-mutercim-az-index-php-humanitar-elmlerin-oyrenilmesinin-aktual-problemleri-1-2025\/#breadcrumb","itemListElement":[{"@type":"ListItem","position":1,"name":"\u0413\u043b\u0430\u0432\u043d\u0430\u044f \u0441\u0442\u0440\u0430\u043d\u0438\u0446\u0430","item":"https:\/\/mutercim.az\/"},{"@type":"ListItem","position":2,"name":"HUMAN\u0130TAR ELML\u018fR\u0130N \u00d6YR\u018fN\u0130LM\u018fS\u0130N\u0130N AKTUAL PROBLEML\u018fR\u0130 | \u2116 1\/2025"}]},{"@type":"WebSite","@id":"https:\/\/mutercim.az\/#website","url":"https:\/\/mutercim.az\/","name":"Mutercim","description":"","alternateName":"Mutarjim","potentialAction":[{"@type":"SearchAction","target":{"@type":"EntryPoint","urlTemplate":"https:\/\/mutercim.az\/?s={search_term_string}"},"query-input":{"@type":"PropertyValueSpecification","valueRequired":true,"valueName":"search_term_string"}}],"inLanguage":"ru-RU"}]}},"_links":{"self":[{"href":"https:\/\/mutercim.az\/index.php\/wp-json\/wp\/v2\/pages\/1232","targetHints":{"allow":["GET"]}}],"collection":[{"href":"https:\/\/mutercim.az\/index.php\/wp-json\/wp\/v2\/pages"}],"about":[{"href":"https:\/\/mutercim.az\/index.php\/wp-json\/wp\/v2\/types\/page"}],"author":[{"embeddable":true,"href":"https:\/\/mutercim.az\/index.php\/wp-json\/wp\/v2\/users\/1"}],"replies":[{"embeddable":true,"href":"https:\/\/mutercim.az\/index.php\/wp-json\/wp\/v2\/comments?post=1232"}],"version-history":[{"count":8,"href":"https:\/\/mutercim.az\/index.php\/wp-json\/wp\/v2\/pages\/1232\/revisions"}],"predecessor-version":[{"id":1280,"href":"https:\/\/mutercim.az\/index.php\/wp-json\/wp\/v2\/pages\/1232\/revisions\/1280"}],"wp:attachment":[{"href":"https:\/\/mutercim.az\/index.php\/wp-json\/wp\/v2\/media?parent=1232"}],"curies":[{"name":"wp","href":"https:\/\/api.w.org\/{rel}","templated":true}]}}