{"id":1653,"date":"2026-04-17T08:29:43","date_gmt":"2026-04-17T08:29:43","guid":{"rendered":"https:\/\/mutercim.az\/?page_id=1653"},"modified":"2026-04-17T08:32:14","modified_gmt":"2026-04-17T08:32:14","slug":"https-mutercim-az-index-php-humanitar-elmlerin-oyrenilmesinin-aktual-problemleri-1-2026","status":"publish","type":"page","link":"https:\/\/mutercim.az\/index.php\/https-mutercim-az-index-php-humanitar-elmlerin-oyrenilmesinin-aktual-problemleri-1-2026\/","title":{"rendered":"HUMAN\u0130TAR ELML\u018fR\u0130N \u00d6YR\u018fN\u0130LM\u018fS\u0130N\u0130N AKTUAL PROBLEML\u018fR\u0130 | \u2116 1\/2026"},"content":{"rendered":"\n<h2 class=\"wp-block-heading\">HUMAN\u0130TAR ELML\u018fR\u0130N \u00d6YR\u018fN\u0130LM\u018fS\u0130N\u0130N AKTUAL PROBLEML\u018fR\u0130 | \u2116 1\/2026<\/h2>\n","protected":false},"excerpt":{"rendered":"<p>HUMAN\u0130TAR ELML\u018fR\u0130N \u00d6YR\u018fN\u0130LM\u018fS\u0130N\u0130N AKTUAL PROBLEML\u018fR\u0130 | \u2116 1\/2026<\/p>\n","protected":false},"author":1,"featured_media":0,"parent":0,"menu_order":0,"comment_status":"closed","ping_status":"closed","template":"","meta":{"footnotes":""},"class_list":["post-1653","page","type-page","status-publish","hentry"],"yoast_head":"<!-- This site is optimized with the Yoast SEO plugin v26.9 - https:\/\/yoast.com\/product\/yoast-seo-wordpress\/ -->\n<title>M\u00fct\u0259rcim n\u0259\u015friyyat\u0131 | Kitab sifari\u015fi | \u0418\u0437\u0434\u0430\u0442\u0435\u043b\u044c\u0441\u0442\u0432\u043e \u043a\u043d\u0438\u0433 | HUMAN\u0130TAR ELML\u018fR\u0130N \u00d6YR\u018fN\u0130LM\u018fS\u0130N\u0130N AKTUAL PROBLEML\u018fR\u0130<\/title>\n<meta name=\"robots\" content=\"index, follow, max-snippet:-1, max-image-preview:large, max-video-preview:-1\" \/>\n<link rel=\"canonical\" href=\"https:\/\/mutercim.az\/index.php\/https-mutercim-az-index-php-humanitar-elmlerin-oyrenilmesinin-aktual-problemleri-1-2026\/\" \/>\n<meta property=\"og:locale\" content=\"ru_RU\" \/>\n<meta property=\"og:type\" content=\"article\" \/>\n<meta property=\"og:title\" content=\"M\u00fct\u0259rcim n\u0259\u015friyyat\u0131 | Kitab sifari\u015fi | \u0418\u0437\u0434\u0430\u0442\u0435\u043b\u044c\u0441\u0442\u0432\u043e \u043a\u043d\u0438\u0433 | HUMAN\u0130TAR ELML\u018fR\u0130N \u00d6YR\u018fN\u0130LM\u018fS\u0130N\u0130N AKTUAL PROBLEML\u018fR\u0130\" \/>\n<meta property=\"og:description\" content=\"HUMAN\u0130TAR ELML\u018fR\u0130N \u00d6YR\u018fN\u0130LM\u018fS\u0130N\u0130N AKTUAL PROBLEML\u018fR\u0130 | \u2116 1\/2026\" \/>\n<meta property=\"og:url\" content=\"https:\/\/mutercim.az\/index.php\/https-mutercim-az-index-php-humanitar-elmlerin-oyrenilmesinin-aktual-problemleri-1-2026\/\" \/>\n<meta property=\"article:modified_time\" content=\"2026-04-17T08:32:14+00:00\" \/>\n<meta property=\"og:image\" content=\"https:\/\/mutercim.az\/wp-content\/uploads\/2021\/12\/cropped-grg-scaled-4.jpg\" \/>\n\t<meta property=\"og:image:width\" content=\"1920\" \/>\n\t<meta property=\"og:image:height\" content=\"1009\" \/>\n\t<meta property=\"og:image:type\" content=\"image\/jpeg\" \/>\n<meta name=\"twitter:card\" content=\"summary_large_image\" \/>\n<meta name=\"twitter:label1\" content=\"\u041f\u0440\u0438\u043c\u0435\u0440\u043d\u043e\u0435 \u0432\u0440\u0435\u043c\u044f \u0434\u043b\u044f \u0447\u0442\u0435\u043d\u0438\u044f\" \/>\n\t<meta name=\"twitter:data1\" content=\"1 \u043c\u0438\u043d\u0443\u0442\u0430\" \/>\n<script type=\"application\/ld+json\" class=\"yoast-schema-graph\">{\"@context\":\"https:\/\/schema.org\",\"@graph\":[{\"@type\":\"WebPage\",\"@id\":\"https:\/\/mutercim.az\/index.php\/https-mutercim-az-index-php-humanitar-elmlerin-oyrenilmesinin-aktual-problemleri-1-2026\/\",\"url\":\"https:\/\/mutercim.az\/index.php\/https-mutercim-az-index-php-humanitar-elmlerin-oyrenilmesinin-aktual-problemleri-1-2026\/\",\"name\":\"M\u00fct\u0259rcim n\u0259\u015friyyat\u0131 | Kitab sifari\u015fi | \u0418\u0437\u0434\u0430\u0442\u0435\u043b\u044c\u0441\u0442\u0432\u043e \u043a\u043d\u0438\u0433 | HUMAN\u0130TAR ELML\u018fR\u0130N \u00d6YR\u018fN\u0130LM\u018fS\u0130N\u0130N AKTUAL PROBLEML\u018fR\u0130\",\"isPartOf\":{\"@id\":\"https:\/\/mutercim.az\/#website\"},\"datePublished\":\"2026-04-17T08:29:43+00:00\",\"dateModified\":\"2026-04-17T08:32:14+00:00\",\"breadcrumb\":{\"@id\":\"https:\/\/mutercim.az\/index.php\/https-mutercim-az-index-php-humanitar-elmlerin-oyrenilmesinin-aktual-problemleri-1-2026\/#breadcrumb\"},\"inLanguage\":\"ru-RU\",\"potentialAction\":[{\"@type\":\"ReadAction\",\"target\":[\"https:\/\/mutercim.az\/index.php\/https-mutercim-az-index-php-humanitar-elmlerin-oyrenilmesinin-aktual-problemleri-1-2026\/\"]}]},{\"@type\":\"BreadcrumbList\",\"@id\":\"https:\/\/mutercim.az\/index.php\/https-mutercim-az-index-php-humanitar-elmlerin-oyrenilmesinin-aktual-problemleri-1-2026\/#breadcrumb\",\"itemListElement\":[{\"@type\":\"ListItem\",\"position\":1,\"name\":\"\u0413\u043b\u0430\u0432\u043d\u0430\u044f \u0441\u0442\u0440\u0430\u043d\u0438\u0446\u0430\",\"item\":\"https:\/\/mutercim.az\/\"},{\"@type\":\"ListItem\",\"position\":2,\"name\":\"HUMAN\u0130TAR ELML\u018fR\u0130N \u00d6YR\u018fN\u0130LM\u018fS\u0130N\u0130N AKTUAL PROBLEML\u018fR\u0130 | \u2116 1\/2026\"}]},{\"@type\":\"WebSite\",\"@id\":\"https:\/\/mutercim.az\/#website\",\"url\":\"https:\/\/mutercim.az\/\",\"name\":\"Mutercim\",\"description\":\"\",\"alternateName\":\"Mutarjim\",\"potentialAction\":[{\"@type\":\"SearchAction\",\"target\":{\"@type\":\"EntryPoint\",\"urlTemplate\":\"https:\/\/mutercim.az\/?s={search_term_string}\"},\"query-input\":{\"@type\":\"PropertyValueSpecification\",\"valueRequired\":true,\"valueName\":\"search_term_string\"}}],\"inLanguage\":\"ru-RU\"}]}<\/script>\n<!-- \/ Yoast SEO plugin. -->","yoast_head_json":{"title":"M\u00fct\u0259rcim n\u0259\u015friyyat\u0131 | Kitab sifari\u015fi | \u0418\u0437\u0434\u0430\u0442\u0435\u043b\u044c\u0441\u0442\u0432\u043e \u043a\u043d\u0438\u0433 | HUMAN\u0130TAR ELML\u018fR\u0130N \u00d6YR\u018fN\u0130LM\u018fS\u0130N\u0130N AKTUAL PROBLEML\u018fR\u0130","robots":{"index":"index","follow":"follow","max-snippet":"max-snippet:-1","max-image-preview":"max-image-preview:large","max-video-preview":"max-video-preview:-1"},"canonical":"https:\/\/mutercim.az\/index.php\/https-mutercim-az-index-php-humanitar-elmlerin-oyrenilmesinin-aktual-problemleri-1-2026\/","og_locale":"ru_RU","og_type":"article","og_title":"M\u00fct\u0259rcim n\u0259\u015friyyat\u0131 | Kitab sifari\u015fi | \u0418\u0437\u0434\u0430\u0442\u0435\u043b\u044c\u0441\u0442\u0432\u043e \u043a\u043d\u0438\u0433 | HUMAN\u0130TAR ELML\u018fR\u0130N \u00d6YR\u018fN\u0130LM\u018fS\u0130N\u0130N AKTUAL PROBLEML\u018fR\u0130","og_description":"HUMAN\u0130TAR ELML\u018fR\u0130N \u00d6YR\u018fN\u0130LM\u018fS\u0130N\u0130N AKTUAL PROBLEML\u018fR\u0130 | \u2116 1\/2026","og_url":"https:\/\/mutercim.az\/index.php\/https-mutercim-az-index-php-humanitar-elmlerin-oyrenilmesinin-aktual-problemleri-1-2026\/","article_modified_time":"2026-04-17T08:32:14+00:00","og_image":[{"width":1920,"height":1009,"url":"https:\/\/mutercim.az\/wp-content\/uploads\/2021\/12\/cropped-grg-scaled-4.jpg","type":"image\/jpeg"}],"twitter_card":"summary_large_image","twitter_misc":{"\u041f\u0440\u0438\u043c\u0435\u0440\u043d\u043e\u0435 \u0432\u0440\u0435\u043c\u044f \u0434\u043b\u044f \u0447\u0442\u0435\u043d\u0438\u044f":"1 \u043c\u0438\u043d\u0443\u0442\u0430"},"schema":{"@context":"https:\/\/schema.org","@graph":[{"@type":"WebPage","@id":"https:\/\/mutercim.az\/index.php\/https-mutercim-az-index-php-humanitar-elmlerin-oyrenilmesinin-aktual-problemleri-1-2026\/","url":"https:\/\/mutercim.az\/index.php\/https-mutercim-az-index-php-humanitar-elmlerin-oyrenilmesinin-aktual-problemleri-1-2026\/","name":"M\u00fct\u0259rcim n\u0259\u015friyyat\u0131 | Kitab sifari\u015fi | \u0418\u0437\u0434\u0430\u0442\u0435\u043b\u044c\u0441\u0442\u0432\u043e \u043a\u043d\u0438\u0433 | HUMAN\u0130TAR ELML\u018fR\u0130N \u00d6YR\u018fN\u0130LM\u018fS\u0130N\u0130N AKTUAL PROBLEML\u018fR\u0130","isPartOf":{"@id":"https:\/\/mutercim.az\/#website"},"datePublished":"2026-04-17T08:29:43+00:00","dateModified":"2026-04-17T08:32:14+00:00","breadcrumb":{"@id":"https:\/\/mutercim.az\/index.php\/https-mutercim-az-index-php-humanitar-elmlerin-oyrenilmesinin-aktual-problemleri-1-2026\/#breadcrumb"},"inLanguage":"ru-RU","potentialAction":[{"@type":"ReadAction","target":["https:\/\/mutercim.az\/index.php\/https-mutercim-az-index-php-humanitar-elmlerin-oyrenilmesinin-aktual-problemleri-1-2026\/"]}]},{"@type":"BreadcrumbList","@id":"https:\/\/mutercim.az\/index.php\/https-mutercim-az-index-php-humanitar-elmlerin-oyrenilmesinin-aktual-problemleri-1-2026\/#breadcrumb","itemListElement":[{"@type":"ListItem","position":1,"name":"\u0413\u043b\u0430\u0432\u043d\u0430\u044f \u0441\u0442\u0440\u0430\u043d\u0438\u0446\u0430","item":"https:\/\/mutercim.az\/"},{"@type":"ListItem","position":2,"name":"HUMAN\u0130TAR ELML\u018fR\u0130N \u00d6YR\u018fN\u0130LM\u018fS\u0130N\u0130N AKTUAL PROBLEML\u018fR\u0130 | \u2116 1\/2026"}]},{"@type":"WebSite","@id":"https:\/\/mutercim.az\/#website","url":"https:\/\/mutercim.az\/","name":"Mutercim","description":"","alternateName":"Mutarjim","potentialAction":[{"@type":"SearchAction","target":{"@type":"EntryPoint","urlTemplate":"https:\/\/mutercim.az\/?s={search_term_string}"},"query-input":{"@type":"PropertyValueSpecification","valueRequired":true,"valueName":"search_term_string"}}],"inLanguage":"ru-RU"}]}},"_links":{"self":[{"href":"https:\/\/mutercim.az\/index.php\/wp-json\/wp\/v2\/pages\/1653","targetHints":{"allow":["GET"]}}],"collection":[{"href":"https:\/\/mutercim.az\/index.php\/wp-json\/wp\/v2\/pages"}],"about":[{"href":"https:\/\/mutercim.az\/index.php\/wp-json\/wp\/v2\/types\/page"}],"author":[{"embeddable":true,"href":"https:\/\/mutercim.az\/index.php\/wp-json\/wp\/v2\/users\/1"}],"replies":[{"embeddable":true,"href":"https:\/\/mutercim.az\/index.php\/wp-json\/wp\/v2\/comments?post=1653"}],"version-history":[{"count":3,"href":"https:\/\/mutercim.az\/index.php\/wp-json\/wp\/v2\/pages\/1653\/revisions"}],"predecessor-version":[{"id":1657,"href":"https:\/\/mutercim.az\/index.php\/wp-json\/wp\/v2\/pages\/1653\/revisions\/1657"}],"wp:attachment":[{"href":"https:\/\/mutercim.az\/index.php\/wp-json\/wp\/v2\/media?parent=1653"}],"curies":[{"name":"wp","href":"https:\/\/api.w.org\/{rel}","templated":true}]}}