{"id":273,"date":"2021-12-20T14:54:11","date_gmt":"2021-12-20T14:54:11","guid":{"rendered":"http:\/\/mutercim.az\/?page_id=273"},"modified":"2021-12-22T14:36:14","modified_gmt":"2021-12-22T14:36:14","slug":"cap","status":"publish","type":"page","link":"https:\/\/mutercim.az\/index.php\/cap\/","title":{"rendered":"\u00c7ap xidm\u0259tl\u0259rimiz"},"content":{"rendered":"\n<figure class=\"wp-block-image size-large\"><img fetchpriority=\"high\" decoding=\"async\" width=\"1024\" height=\"1024\" src=\"https:\/\/mutercim.az\/wp-content\/uploads\/2021\/12\/Free_Bi-Fold_DL_Borchure_2-1024x1024.jpg\" alt=\"\" class=\"wp-image-278\" srcset=\"https:\/\/mutercim.az\/wp-content\/uploads\/2021\/12\/Free_Bi-Fold_DL_Borchure_2-1024x1024.jpg 1024w, https:\/\/mutercim.az\/wp-content\/uploads\/2021\/12\/Free_Bi-Fold_DL_Borchure_2-300x300.jpg 300w, https:\/\/mutercim.az\/wp-content\/uploads\/2021\/12\/Free_Bi-Fold_DL_Borchure_2-150x150.jpg 150w, https:\/\/mutercim.az\/wp-content\/uploads\/2021\/12\/Free_Bi-Fold_DL_Borchure_2-768x768.jpg 768w, https:\/\/mutercim.az\/wp-content\/uploads\/2021\/12\/Free_Bi-Fold_DL_Borchure_2-1536x1536.jpg 1536w, https:\/\/mutercim.az\/wp-content\/uploads\/2021\/12\/Free_Bi-Fold_DL_Borchure_2-2048x2048.jpg 2048w, https:\/\/mutercim.az\/wp-content\/uploads\/2021\/12\/Free_Bi-Fold_DL_Borchure_2-100x100.jpg 100w\" sizes=\"(max-width: 767px) 89vw, (max-width: 1000px) 54vw, (max-width: 1071px) 543px, 580px\" \/><\/figure>\n\n\n\n<p>D\u018fV\u018fTNAM\u018fL\u018fR<\/p>\n\n\n\n<figure class=\"wp-block-image size-large\"><img decoding=\"async\" width=\"655\" height=\"1024\" src=\"https:\/\/mutercim.az\/wp-content\/uploads\/2021\/12\/Mockup_Rollup_side_100x200c-655x1024.jpg\" alt=\"\" class=\"wp-image-281\" srcset=\"https:\/\/mutercim.az\/wp-content\/uploads\/2021\/12\/Mockup_Rollup_side_100x200c-655x1024.jpg 655w, https:\/\/mutercim.az\/wp-content\/uploads\/2021\/12\/Mockup_Rollup_side_100x200c-192x300.jpg 192w, https:\/\/mutercim.az\/wp-content\/uploads\/2021\/12\/Mockup_Rollup_side_100x200c-768x1200.jpg 768w, https:\/\/mutercim.az\/wp-content\/uploads\/2021\/12\/Mockup_Rollup_side_100x200c-983x1536.jpg 983w, https:\/\/mutercim.az\/wp-content\/uploads\/2021\/12\/Mockup_Rollup_side_100x200c-1311x2048.jpg 1311w, https:\/\/mutercim.az\/wp-content\/uploads\/2021\/12\/Mockup_Rollup_side_100x200c.jpg 1600w\" sizes=\"(max-width: 655px) 100vw, 655px\" \/><\/figure>\n\n\n\n<p>ROLL UP<\/p>\n\n\n\n<figure class=\"wp-block-image size-large\"><img decoding=\"async\" width=\"1024\" height=\"723\" src=\"https:\/\/mutercim.az\/wp-content\/uploads\/2021\/12\/03_businesscard-1-1024x723.jpg\" alt=\"\" class=\"wp-image-291\" srcset=\"https:\/\/mutercim.az\/wp-content\/uploads\/2021\/12\/03_businesscard-1-1024x723.jpg 1024w, https:\/\/mutercim.az\/wp-content\/uploads\/2021\/12\/03_businesscard-1-300x212.jpg 300w, https:\/\/mutercim.az\/wp-content\/uploads\/2021\/12\/03_businesscard-1-768x542.jpg 768w, https:\/\/mutercim.az\/wp-content\/uploads\/2021\/12\/03_businesscard-1-1536x1084.jpg 1536w, https:\/\/mutercim.az\/wp-content\/uploads\/2021\/12\/03_businesscard-1-2048x1446.jpg 2048w\" sizes=\"(max-width: 767px) 89vw, (max-width: 1000px) 54vw, (max-width: 1071px) 543px, 580px\" \/><\/figure>\n\n\n\n<p>V\u0130Z\u0130T KARTLAR<\/p>\n\n\n\n<figure class=\"wp-block-image size-large\"><img loading=\"lazy\" decoding=\"async\" width=\"1024\" height=\"1024\" src=\"https:\/\/mutercim.az\/wp-content\/uploads\/2021\/12\/\u0412\u042b\u0412\u042b-1-1024x1024.jpg\" alt=\"\" class=\"wp-image-297\" srcset=\"https:\/\/mutercim.az\/wp-content\/uploads\/2021\/12\/\u0412\u042b\u0412\u042b-1-1024x1024.jpg 1024w, https:\/\/mutercim.az\/wp-content\/uploads\/2021\/12\/\u0412\u042b\u0412\u042b-1-300x300.jpg 300w, https:\/\/mutercim.az\/wp-content\/uploads\/2021\/12\/\u0412\u042b\u0412\u042b-1-150x150.jpg 150w, https:\/\/mutercim.az\/wp-content\/uploads\/2021\/12\/\u0412\u042b\u0412\u042b-1-768x768.jpg 768w, https:\/\/mutercim.az\/wp-content\/uploads\/2021\/12\/\u0412\u042b\u0412\u042b-1-1536x1536.jpg 1536w, https:\/\/mutercim.az\/wp-content\/uploads\/2021\/12\/\u0412\u042b\u0412\u042b-1-100x100.jpg 100w, https:\/\/mutercim.az\/wp-content\/uploads\/2021\/12\/\u0412\u042b\u0412\u042b-1.jpg 2000w\" sizes=\"(max-width: 767px) 89vw, (max-width: 1000px) 54vw, (max-width: 1071px) 543px, 580px\" \/><\/figure>\n\n\n\n<p>AF\u0130\u015eALAR<\/p>\n\n\n\n<p><\/p>\n\n\n\n<figure class=\"wp-block-image size-large\"><img loading=\"lazy\" decoding=\"async\" width=\"1024\" height=\"819\" src=\"https:\/\/mutercim.az\/wp-content\/uploads\/2021\/12\/Bifold_A4_Mockup_1-1024x819.jpg\" alt=\"\" class=\"wp-image-285\" srcset=\"https:\/\/mutercim.az\/wp-content\/uploads\/2021\/12\/Bifold_A4_Mockup_1-1024x819.jpg 1024w, https:\/\/mutercim.az\/wp-content\/uploads\/2021\/12\/Bifold_A4_Mockup_1-300x240.jpg 300w, https:\/\/mutercim.az\/wp-content\/uploads\/2021\/12\/Bifold_A4_Mockup_1-768x614.jpg 768w, https:\/\/mutercim.az\/wp-content\/uploads\/2021\/12\/Bifold_A4_Mockup_1.jpg 1352w\" sizes=\"(max-width: 767px) 89vw, (max-width: 1000px) 54vw, (max-width: 1071px) 543px, 580px\" \/><\/figure>\n\n\n\n<p>BRO\u015eUR (K\u0130TAB\u00c7A)<\/p>\n\n\n\n<figure class=\"wp-block-image size-large\"><img loading=\"lazy\" decoding=\"async\" width=\"700\" height=\"1024\" src=\"https:\/\/mutercim.az\/wp-content\/uploads\/2021\/12\/Free-ID-Card-Mockup-PSD\u044b\u044b-700x1024.jpg\" alt=\"\" class=\"wp-image-295\" srcset=\"https:\/\/mutercim.az\/wp-content\/uploads\/2021\/12\/Free-ID-Card-Mockup-PSD\u044b\u044b-700x1024.jpg 700w, https:\/\/mutercim.az\/wp-content\/uploads\/2021\/12\/Free-ID-Card-Mockup-PSD\u044b\u044b-205x300.jpg 205w, https:\/\/mutercim.az\/wp-content\/uploads\/2021\/12\/Free-ID-Card-Mockup-PSD\u044b\u044b-768x1124.jpg 768w, https:\/\/mutercim.az\/wp-content\/uploads\/2021\/12\/Free-ID-Card-Mockup-PSD\u044b\u044b-1050x1536.jpg 1050w, https:\/\/mutercim.az\/wp-content\/uploads\/2021\/12\/Free-ID-Card-Mockup-PSD\u044b\u044b.jpg 1384w\" sizes=\"(max-width: 700px) 100vw, 700px\" \/><\/figure>\n\n\n\n<p>BEYC\u0130KL\u018fR<\/p>\n","protected":false},"excerpt":{"rendered":"<p>D\u018fV\u018fTNAM\u018fL\u018fR ROLL UP V\u0130Z\u0130T KARTLAR AF\u0130\u015eALAR BRO\u015eUR (K\u0130TAB\u00c7A) BEYC\u0130KL\u018fR<\/p>\n","protected":false},"author":1,"featured_media":0,"parent":0,"menu_order":0,"comment_status":"closed","ping_status":"closed","template":"","meta":{"footnotes":""},"class_list":["post-273","page","type-page","status-publish","hentry"],"yoast_head":"<!-- This site is optimized with the Yoast SEO plugin v27.4 - https:\/\/yoast.com\/product\/yoast-seo-wordpress\/ -->\n<title>M\u00fct\u0259rcim n\u0259\u015friyyat\u0131 | Kitab sifari\u015fi | \u0418\u0437\u0434\u0430\u0442\u0435\u043b\u044c\u0441\u0442\u0432\u043e \u043a\u043d\u0438\u0433 | HUMAN\u0130TAR ELML\u018fR\u0130N \u00d6YR\u018fN\u0130LM\u018fS\u0130N\u0130N AKTUAL PROBLEML\u018fR\u0130<\/title>\n<meta name=\"robots\" content=\"index, follow, max-snippet:-1, max-image-preview:large, max-video-preview:-1\" \/>\n<link rel=\"canonical\" href=\"https:\/\/mutercim.az\/index.php\/cap\/\" \/>\n<meta property=\"og:locale\" content=\"ru_RU\" \/>\n<meta property=\"og:type\" content=\"article\" \/>\n<meta property=\"og:title\" content=\"M\u00fct\u0259rcim n\u0259\u015friyyat\u0131 | Kitab sifari\u015fi | \u0418\u0437\u0434\u0430\u0442\u0435\u043b\u044c\u0441\u0442\u0432\u043e \u043a\u043d\u0438\u0433 | HUMAN\u0130TAR ELML\u018fR\u0130N \u00d6YR\u018fN\u0130LM\u018fS\u0130N\u0130N AKTUAL PROBLEML\u018fR\u0130\" \/>\n<meta property=\"og:description\" content=\"D\u018fV\u018fTNAM\u018fL\u018fR ROLL UP V\u0130Z\u0130T KARTLAR AF\u0130\u015eALAR BRO\u015eUR (K\u0130TAB\u00c7A) BEYC\u0130KL\u018fR\" \/>\n<meta property=\"og:url\" content=\"https:\/\/mutercim.az\/index.php\/cap\/\" \/>\n<meta property=\"article:modified_time\" content=\"2021-12-22T14:36:14+00:00\" \/>\n<meta property=\"og:image\" content=\"https:\/\/mutercim.az\/wp-content\/uploads\/2021\/12\/Free_Bi-Fold_DL_Borchure_2-1024x1024.jpg\" \/>\n\t<meta property=\"og:image:width\" content=\"1024\" \/>\n\t<meta property=\"og:image:height\" content=\"1024\" \/>\n\t<meta property=\"og:image:type\" content=\"image\/jpeg\" \/>\n<meta name=\"twitter:card\" content=\"summary_large_image\" \/>\n<script type=\"application\/ld+json\" class=\"yoast-schema-graph\">{\"@context\":\"https:\\\/\\\/schema.org\",\"@graph\":[{\"@type\":\"WebPage\",\"@id\":\"https:\\\/\\\/mutercim.az\\\/index.php\\\/cap\\\/\",\"url\":\"https:\\\/\\\/mutercim.az\\\/index.php\\\/cap\\\/\",\"name\":\"M\u00fct\u0259rcim n\u0259\u015friyyat\u0131 | Kitab sifari\u015fi | \u0418\u0437\u0434\u0430\u0442\u0435\u043b\u044c\u0441\u0442\u0432\u043e \u043a\u043d\u0438\u0433 | HUMAN\u0130TAR ELML\u018fR\u0130N \u00d6YR\u018fN\u0130LM\u018fS\u0130N\u0130N AKTUAL PROBLEML\u018fR\u0130\",\"isPartOf\":{\"@id\":\"https:\\\/\\\/mutercim.az\\\/#website\"},\"primaryImageOfPage\":{\"@id\":\"https:\\\/\\\/mutercim.az\\\/index.php\\\/cap\\\/#primaryimage\"},\"image\":{\"@id\":\"https:\\\/\\\/mutercim.az\\\/index.php\\\/cap\\\/#primaryimage\"},\"thumbnailUrl\":\"https:\\\/\\\/mutercim.az\\\/wp-content\\\/uploads\\\/2021\\\/12\\\/Free_Bi-Fold_DL_Borchure_2-1024x1024.jpg\",\"datePublished\":\"2021-12-20T14:54:11+00:00\",\"dateModified\":\"2021-12-22T14:36:14+00:00\",\"breadcrumb\":{\"@id\":\"https:\\\/\\\/mutercim.az\\\/index.php\\\/cap\\\/#breadcrumb\"},\"inLanguage\":\"ru-RU\",\"potentialAction\":[{\"@type\":\"ReadAction\",\"target\":[\"https:\\\/\\\/mutercim.az\\\/index.php\\\/cap\\\/\"]}]},{\"@type\":\"ImageObject\",\"inLanguage\":\"ru-RU\",\"@id\":\"https:\\\/\\\/mutercim.az\\\/index.php\\\/cap\\\/#primaryimage\",\"url\":\"https:\\\/\\\/mutercim.az\\\/wp-content\\\/uploads\\\/2021\\\/12\\\/Free_Bi-Fold_DL_Borchure_2.jpg\",\"contentUrl\":\"https:\\\/\\\/mutercim.az\\\/wp-content\\\/uploads\\\/2021\\\/12\\\/Free_Bi-Fold_DL_Borchure_2.jpg\",\"width\":2500,\"height\":2500,\"caption\":\"mockups-design.com\"},{\"@type\":\"BreadcrumbList\",\"@id\":\"https:\\\/\\\/mutercim.az\\\/index.php\\\/cap\\\/#breadcrumb\",\"itemListElement\":[{\"@type\":\"ListItem\",\"position\":1,\"name\":\"\u0413\u043b\u0430\u0432\u043d\u0430\u044f \u0441\u0442\u0440\u0430\u043d\u0438\u0446\u0430\",\"item\":\"https:\\\/\\\/mutercim.az\\\/\"},{\"@type\":\"ListItem\",\"position\":2,\"name\":\"\u00c7ap xidm\u0259tl\u0259rimiz\"}]},{\"@type\":\"WebSite\",\"@id\":\"https:\\\/\\\/mutercim.az\\\/#website\",\"url\":\"https:\\\/\\\/mutercim.az\\\/\",\"name\":\"Mutercim\",\"description\":\"\",\"alternateName\":\"Mutarjim\",\"potentialAction\":[{\"@type\":\"SearchAction\",\"target\":{\"@type\":\"EntryPoint\",\"urlTemplate\":\"https:\\\/\\\/mutercim.az\\\/?s={search_term_string}\"},\"query-input\":{\"@type\":\"PropertyValueSpecification\",\"valueRequired\":true,\"valueName\":\"search_term_string\"}}],\"inLanguage\":\"ru-RU\"}]}<\/script>\n<!-- \/ Yoast SEO plugin. -->","yoast_head_json":{"title":"M\u00fct\u0259rcim n\u0259\u015friyyat\u0131 | Kitab sifari\u015fi | \u0418\u0437\u0434\u0430\u0442\u0435\u043b\u044c\u0441\u0442\u0432\u043e \u043a\u043d\u0438\u0433 | HUMAN\u0130TAR ELML\u018fR\u0130N \u00d6YR\u018fN\u0130LM\u018fS\u0130N\u0130N AKTUAL PROBLEML\u018fR\u0130","robots":{"index":"index","follow":"follow","max-snippet":"max-snippet:-1","max-image-preview":"max-image-preview:large","max-video-preview":"max-video-preview:-1"},"canonical":"https:\/\/mutercim.az\/index.php\/cap\/","og_locale":"ru_RU","og_type":"article","og_title":"M\u00fct\u0259rcim n\u0259\u015friyyat\u0131 | Kitab sifari\u015fi | \u0418\u0437\u0434\u0430\u0442\u0435\u043b\u044c\u0441\u0442\u0432\u043e \u043a\u043d\u0438\u0433 | HUMAN\u0130TAR ELML\u018fR\u0130N \u00d6YR\u018fN\u0130LM\u018fS\u0130N\u0130N AKTUAL PROBLEML\u018fR\u0130","og_description":"D\u018fV\u018fTNAM\u018fL\u018fR ROLL UP V\u0130Z\u0130T KARTLAR AF\u0130\u015eALAR BRO\u015eUR (K\u0130TAB\u00c7A) BEYC\u0130KL\u018fR","og_url":"https:\/\/mutercim.az\/index.php\/cap\/","article_modified_time":"2021-12-22T14:36:14+00:00","og_image":[{"width":1024,"height":1024,"url":"https:\/\/mutercim.az\/wp-content\/uploads\/2021\/12\/Free_Bi-Fold_DL_Borchure_2-1024x1024.jpg","type":"image\/jpeg"}],"twitter_card":"summary_large_image","schema":{"@context":"https:\/\/schema.org","@graph":[{"@type":"WebPage","@id":"https:\/\/mutercim.az\/index.php\/cap\/","url":"https:\/\/mutercim.az\/index.php\/cap\/","name":"M\u00fct\u0259rcim n\u0259\u015friyyat\u0131 | Kitab sifari\u015fi | \u0418\u0437\u0434\u0430\u0442\u0435\u043b\u044c\u0441\u0442\u0432\u043e \u043a\u043d\u0438\u0433 | HUMAN\u0130TAR ELML\u018fR\u0130N \u00d6YR\u018fN\u0130LM\u018fS\u0130N\u0130N AKTUAL PROBLEML\u018fR\u0130","isPartOf":{"@id":"https:\/\/mutercim.az\/#website"},"primaryImageOfPage":{"@id":"https:\/\/mutercim.az\/index.php\/cap\/#primaryimage"},"image":{"@id":"https:\/\/mutercim.az\/index.php\/cap\/#primaryimage"},"thumbnailUrl":"https:\/\/mutercim.az\/wp-content\/uploads\/2021\/12\/Free_Bi-Fold_DL_Borchure_2-1024x1024.jpg","datePublished":"2021-12-20T14:54:11+00:00","dateModified":"2021-12-22T14:36:14+00:00","breadcrumb":{"@id":"https:\/\/mutercim.az\/index.php\/cap\/#breadcrumb"},"inLanguage":"ru-RU","potentialAction":[{"@type":"ReadAction","target":["https:\/\/mutercim.az\/index.php\/cap\/"]}]},{"@type":"ImageObject","inLanguage":"ru-RU","@id":"https:\/\/mutercim.az\/index.php\/cap\/#primaryimage","url":"https:\/\/mutercim.az\/wp-content\/uploads\/2021\/12\/Free_Bi-Fold_DL_Borchure_2.jpg","contentUrl":"https:\/\/mutercim.az\/wp-content\/uploads\/2021\/12\/Free_Bi-Fold_DL_Borchure_2.jpg","width":2500,"height":2500,"caption":"mockups-design.com"},{"@type":"BreadcrumbList","@id":"https:\/\/mutercim.az\/index.php\/cap\/#breadcrumb","itemListElement":[{"@type":"ListItem","position":1,"name":"\u0413\u043b\u0430\u0432\u043d\u0430\u044f \u0441\u0442\u0440\u0430\u043d\u0438\u0446\u0430","item":"https:\/\/mutercim.az\/"},{"@type":"ListItem","position":2,"name":"\u00c7ap xidm\u0259tl\u0259rimiz"}]},{"@type":"WebSite","@id":"https:\/\/mutercim.az\/#website","url":"https:\/\/mutercim.az\/","name":"Mutercim","description":"","alternateName":"Mutarjim","potentialAction":[{"@type":"SearchAction","target":{"@type":"EntryPoint","urlTemplate":"https:\/\/mutercim.az\/?s={search_term_string}"},"query-input":{"@type":"PropertyValueSpecification","valueRequired":true,"valueName":"search_term_string"}}],"inLanguage":"ru-RU"}]}},"_links":{"self":[{"href":"https:\/\/mutercim.az\/index.php\/wp-json\/wp\/v2\/pages\/273","targetHints":{"allow":["GET"]}}],"collection":[{"href":"https:\/\/mutercim.az\/index.php\/wp-json\/wp\/v2\/pages"}],"about":[{"href":"https:\/\/mutercim.az\/index.php\/wp-json\/wp\/v2\/types\/page"}],"author":[{"embeddable":true,"href":"https:\/\/mutercim.az\/index.php\/wp-json\/wp\/v2\/users\/1"}],"replies":[{"embeddable":true,"href":"https:\/\/mutercim.az\/index.php\/wp-json\/wp\/v2\/comments?post=273"}],"version-history":[{"count":12,"href":"https:\/\/mutercim.az\/index.php\/wp-json\/wp\/v2\/pages\/273\/revisions"}],"predecessor-version":[{"id":298,"href":"https:\/\/mutercim.az\/index.php\/wp-json\/wp\/v2\/pages\/273\/revisions\/298"}],"wp:attachment":[{"href":"https:\/\/mutercim.az\/index.php\/wp-json\/wp\/v2\/media?parent=273"}],"curies":[{"name":"wp","href":"https:\/\/api.w.org\/{rel}","templated":true}]}}