{"id":305,"date":"2021-12-24T12:33:20","date_gmt":"2021-12-24T12:33:20","guid":{"rendered":"http:\/\/mutercim.az\/?page_id=305"},"modified":"2021-12-24T22:52:45","modified_gmt":"2021-12-24T22:52:45","slug":"kotacts","status":"publish","type":"page","link":"https:\/\/mutercim.az\/index.php\/kotacts\/","title":{"rendered":"\u018flaq\u0259 m\u0259lumat\u0131"},"content":{"rendered":"\n<div class=\"wp-block-image\"><figure class=\"alignleft size-large is-resized\"><a href=\"https:\/\/www.google.com\/maps\/place\/40\u00b022'51.6&quot;N+49\u00b050'08.6&quot;E\/@40.3810723,49.8353814,19.5z\/data=!4m5!3m4!1s0x0:0x1240d5bc043989cd!8m2!3d40.3809862!4d49.8357311?hl=ru\"><img decoding=\"async\" src=\"https:\/\/mutercim.az\/wp-content\/uploads\/2021\/12\/201-2010753_this-free-icons-png-design-of-flat-location-logo-location-logo-png-1024x1024.png\" alt=\"\" class=\"wp-image-306\" width=\"93\" height=\"93\" srcset=\"https:\/\/mutercim.az\/wp-content\/uploads\/2021\/12\/201-2010753_this-free-icons-png-design-of-flat-location-logo-location-logo-png-1024x1024.png 1024w, https:\/\/mutercim.az\/wp-content\/uploads\/2021\/12\/201-2010753_this-free-icons-png-design-of-flat-location-logo-location-logo-png-300x300.png 300w, https:\/\/mutercim.az\/wp-content\/uploads\/2021\/12\/201-2010753_this-free-icons-png-design-of-flat-location-logo-location-logo-png-150x150.png 150w, https:\/\/mutercim.az\/wp-content\/uploads\/2021\/12\/201-2010753_this-free-icons-png-design-of-flat-location-logo-location-logo-png-768x768.png 768w, https:\/\/mutercim.az\/wp-content\/uploads\/2021\/12\/201-2010753_this-free-icons-png-design-of-flat-location-logo-location-logo-png-1536x1536.png 1536w, https:\/\/mutercim.az\/wp-content\/uploads\/2021\/12\/201-2010753_this-free-icons-png-design-of-flat-location-logo-location-logo-png-2048x2048.png 2048w, https:\/\/mutercim.az\/wp-content\/uploads\/2021\/12\/201-2010753_this-free-icons-png-design-of-flat-location-logo-location-logo-png-100x100.png 100w\" sizes=\"(max-width: 93px) 100vw, 93px\" \/><\/a><\/figure><\/div>\n\n\n\n<div class=\"wp-block-group\"><div class=\"wp-block-group__inner-container is-layout-flow wp-block-group-is-layout-flow\">\n<div class=\"wp-block-group\"><div class=\"wp-block-group__inner-container is-layout-flow wp-block-group-is-layout-flow\">\n<div class=\"wp-block-group\"><div class=\"wp-block-group__inner-container is-layout-flow wp-block-group-is-layout-flow\">\n<div class=\"wp-block-buttons is-layout-flex wp-block-buttons-is-layout-flex\">\n<div class=\"wp-block-button\"><a class=\"wp-block-button__link\" href=\"https:\/\/www.google.com\/maps\/place\/40\u00b022'51.6&quot;N+49\u00b050'08.6&quot;E\/@40.3810723,49.8353814,19.5z\/data=!4m5!3m4!1s0x0:0x1240d5bc043989cd!8m2!3d40.3809862!4d49.8357311?hl=ru\" target=\"_blank\" rel=\"noreferrer noopener\"><span class=\"has-inline-color has-luminous-vivid-amber-color\">  <strong>AZ1014, Bak\u0131, R\u0259sul Rza k\u00fc\u00e7., 125\/139b<\/strong> <\/span> <\/a><\/div>\n<\/div>\n\n\n\n<figure class=\"wp-block-image size-large is-resized\"><a href=\"https:\/\/www.facebook.com\/profile.php?id=100072260212304\"><img fetchpriority=\"high\" decoding=\"async\" src=\"https:\/\/mutercim.az\/wp-content\/uploads\/2021\/12\/1310d0fb64d9f14857d96f6e74ef80efdsds-1024x190.jpg\" alt=\"\" class=\"wp-image-308\" width=\"577\" height=\"107\" srcset=\"https:\/\/mutercim.az\/wp-content\/uploads\/2021\/12\/1310d0fb64d9f14857d96f6e74ef80efdsds-1024x190.jpg 1024w, https:\/\/mutercim.az\/wp-content\/uploads\/2021\/12\/1310d0fb64d9f14857d96f6e74ef80efdsds-300x56.jpg 300w, https:\/\/mutercim.az\/wp-content\/uploads\/2021\/12\/1310d0fb64d9f14857d96f6e74ef80efdsds-768x143.jpg 768w, https:\/\/mutercim.az\/wp-content\/uploads\/2021\/12\/1310d0fb64d9f14857d96f6e74ef80efdsds-1536x285.jpg 1536w, https:\/\/mutercim.az\/wp-content\/uploads\/2021\/12\/1310d0fb64d9f14857d96f6e74ef80efdsds-2048x380.jpg 2048w\" sizes=\"(max-width: 577px) 100vw, 577px\" \/><\/a><\/figure>\n\n\n\n<figure class=\"wp-block-image size-large is-resized\"><a href=\"https:\/\/instagram.com\/mutercim.az?utm_medium=copy_link\"><img decoding=\"async\" src=\"https:\/\/mutercim.az\/wp-content\/uploads\/2021\/12\/dffge-1024x190.jpg\" alt=\"\" class=\"wp-image-314\" width=\"568\" height=\"105\" srcset=\"https:\/\/mutercim.az\/wp-content\/uploads\/2021\/12\/dffge-1024x190.jpg 1024w, https:\/\/mutercim.az\/wp-content\/uploads\/2021\/12\/dffge-300x56.jpg 300w, https:\/\/mutercim.az\/wp-content\/uploads\/2021\/12\/dffge-768x143.jpg 768w, https:\/\/mutercim.az\/wp-content\/uploads\/2021\/12\/dffge-1536x285.jpg 1536w, https:\/\/mutercim.az\/wp-content\/uploads\/2021\/12\/dffge-2048x380.jpg 2048w\" sizes=\"(max-width: 568px) 100vw, 568px\" \/><\/a><\/figure>\n\n\n\n<figure class=\"wp-block-image size-large is-resized\"><img loading=\"lazy\" decoding=\"async\" src=\"https:\/\/mutercim.az\/wp-content\/uploads\/2021\/12\/fdsff-1024x190.jpg\" alt=\"\" class=\"wp-image-316\" width=\"562\" height=\"104\" srcset=\"https:\/\/mutercim.az\/wp-content\/uploads\/2021\/12\/fdsff-1024x190.jpg 1024w, https:\/\/mutercim.az\/wp-content\/uploads\/2021\/12\/fdsff-300x56.jpg 300w, https:\/\/mutercim.az\/wp-content\/uploads\/2021\/12\/fdsff-768x143.jpg 768w, https:\/\/mutercim.az\/wp-content\/uploads\/2021\/12\/fdsff-1536x285.jpg 1536w, https:\/\/mutercim.az\/wp-content\/uploads\/2021\/12\/fdsff-2048x380.jpg 2048w\" sizes=\"(max-width: 562px) 100vw, 562px\" \/><\/figure>\n\n\n\n<figure class=\"wp-block-image size-large is-resized\"><a href=\"https:\/\/api.whatsapp.com\/send\/?phone=+994508871932\"><img loading=\"lazy\" decoding=\"async\" src=\"https:\/\/mutercim.az\/wp-content\/uploads\/2021\/12\/rwett-1024x190.jpg\" alt=\"\" class=\"wp-image-318\" width=\"552\" height=\"102\" srcset=\"https:\/\/mutercim.az\/wp-content\/uploads\/2021\/12\/rwett-1024x190.jpg 1024w, https:\/\/mutercim.az\/wp-content\/uploads\/2021\/12\/rwett-300x56.jpg 300w, https:\/\/mutercim.az\/wp-content\/uploads\/2021\/12\/rwett-768x143.jpg 768w, https:\/\/mutercim.az\/wp-content\/uploads\/2021\/12\/rwett-1536x285.jpg 1536w, https:\/\/mutercim.az\/wp-content\/uploads\/2021\/12\/rwett-2048x380.jpg 2048w\" sizes=\"(max-width: 552px) 100vw, 552px\" \/><\/a><\/figure>\n<\/div><\/div>\n\n\n\n<p>                             <strong><em>(+994 12)  596-21-44<\/em><\/strong><\/p>\n<\/div><\/div>\n<\/div><\/div>\n\n\n\n<p><\/p>\n","protected":false},"excerpt":{"rendered":"<p>(+994 12) 596-21-44<\/p>\n","protected":false},"author":1,"featured_media":0,"parent":0,"menu_order":0,"comment_status":"closed","ping_status":"closed","template":"","meta":{"footnotes":""},"class_list":["post-305","page","type-page","status-publish","hentry"],"yoast_head":"<!-- This site is optimized with the Yoast SEO plugin v27.4 - https:\/\/yoast.com\/product\/yoast-seo-wordpress\/ -->\n<title>M\u00fct\u0259rcim n\u0259\u015friyyat\u0131 | Kitab sifari\u015fi | \u0418\u0437\u0434\u0430\u0442\u0435\u043b\u044c\u0441\u0442\u0432\u043e \u043a\u043d\u0438\u0433 | HUMAN\u0130TAR ELML\u018fR\u0130N \u00d6YR\u018fN\u0130LM\u018fS\u0130N\u0130N AKTUAL PROBLEML\u018fR\u0130<\/title>\n<meta name=\"robots\" content=\"index, follow, max-snippet:-1, max-image-preview:large, max-video-preview:-1\" \/>\n<link rel=\"canonical\" href=\"https:\/\/mutercim.az\/index.php\/kotacts\/\" \/>\n<meta property=\"og:locale\" content=\"ru_RU\" \/>\n<meta property=\"og:type\" content=\"article\" \/>\n<meta property=\"og:title\" content=\"M\u00fct\u0259rcim n\u0259\u015friyyat\u0131 | Kitab sifari\u015fi | \u0418\u0437\u0434\u0430\u0442\u0435\u043b\u044c\u0441\u0442\u0432\u043e \u043a\u043d\u0438\u0433 | HUMAN\u0130TAR ELML\u018fR\u0130N \u00d6YR\u018fN\u0130LM\u018fS\u0130N\u0130N AKTUAL PROBLEML\u018fR\u0130\" \/>\n<meta property=\"og:description\" content=\"(+994 12) 596-21-44\" \/>\n<meta property=\"og:url\" content=\"https:\/\/mutercim.az\/index.php\/kotacts\/\" \/>\n<meta property=\"article:modified_time\" content=\"2021-12-24T22:52:45+00:00\" \/>\n<meta property=\"og:image\" content=\"https:\/\/mutercim.az\/wp-content\/uploads\/2021\/12\/201-2010753_this-free-icons-png-design-of-flat-location-logo-location-logo-png.png\" \/>\n\t<meta property=\"og:image:width\" content=\"2400\" \/>\n\t<meta property=\"og:image:height\" content=\"2400\" \/>\n\t<meta property=\"og:image:type\" content=\"image\/png\" \/>\n<meta name=\"twitter:card\" content=\"summary_large_image\" \/>\n<script type=\"application\/ld+json\" class=\"yoast-schema-graph\">{\"@context\":\"https:\\\/\\\/schema.org\",\"@graph\":[{\"@type\":\"WebPage\",\"@id\":\"https:\\\/\\\/mutercim.az\\\/index.php\\\/kotacts\\\/\",\"url\":\"https:\\\/\\\/mutercim.az\\\/index.php\\\/kotacts\\\/\",\"name\":\"M\u00fct\u0259rcim n\u0259\u015friyyat\u0131 | Kitab sifari\u015fi | \u0418\u0437\u0434\u0430\u0442\u0435\u043b\u044c\u0441\u0442\u0432\u043e \u043a\u043d\u0438\u0433 | HUMAN\u0130TAR ELML\u018fR\u0130N \u00d6YR\u018fN\u0130LM\u018fS\u0130N\u0130N AKTUAL PROBLEML\u018fR\u0130\",\"isPartOf\":{\"@id\":\"https:\\\/\\\/mutercim.az\\\/#website\"},\"primaryImageOfPage\":{\"@id\":\"https:\\\/\\\/mutercim.az\\\/index.php\\\/kotacts\\\/#primaryimage\"},\"image\":{\"@id\":\"https:\\\/\\\/mutercim.az\\\/index.php\\\/kotacts\\\/#primaryimage\"},\"thumbnailUrl\":\"https:\\\/\\\/mutercim.az\\\/wp-content\\\/uploads\\\/2021\\\/12\\\/201-2010753_this-free-icons-png-design-of-flat-location-logo-location-logo-png-1024x1024.png\",\"datePublished\":\"2021-12-24T12:33:20+00:00\",\"dateModified\":\"2021-12-24T22:52:45+00:00\",\"breadcrumb\":{\"@id\":\"https:\\\/\\\/mutercim.az\\\/index.php\\\/kotacts\\\/#breadcrumb\"},\"inLanguage\":\"ru-RU\",\"potentialAction\":[{\"@type\":\"ReadAction\",\"target\":[\"https:\\\/\\\/mutercim.az\\\/index.php\\\/kotacts\\\/\"]}]},{\"@type\":\"ImageObject\",\"inLanguage\":\"ru-RU\",\"@id\":\"https:\\\/\\\/mutercim.az\\\/index.php\\\/kotacts\\\/#primaryimage\",\"url\":\"https:\\\/\\\/mutercim.az\\\/wp-content\\\/uploads\\\/2021\\\/12\\\/201-2010753_this-free-icons-png-design-of-flat-location-logo-location-logo-png.png\",\"contentUrl\":\"https:\\\/\\\/mutercim.az\\\/wp-content\\\/uploads\\\/2021\\\/12\\\/201-2010753_this-free-icons-png-design-of-flat-location-logo-location-logo-png.png\",\"width\":2400,\"height\":2400},{\"@type\":\"BreadcrumbList\",\"@id\":\"https:\\\/\\\/mutercim.az\\\/index.php\\\/kotacts\\\/#breadcrumb\",\"itemListElement\":[{\"@type\":\"ListItem\",\"position\":1,\"name\":\"\u0413\u043b\u0430\u0432\u043d\u0430\u044f \u0441\u0442\u0440\u0430\u043d\u0438\u0446\u0430\",\"item\":\"https:\\\/\\\/mutercim.az\\\/\"},{\"@type\":\"ListItem\",\"position\":2,\"name\":\"\u018flaq\u0259 m\u0259lumat\u0131\"}]},{\"@type\":\"WebSite\",\"@id\":\"https:\\\/\\\/mutercim.az\\\/#website\",\"url\":\"https:\\\/\\\/mutercim.az\\\/\",\"name\":\"Mutercim\",\"description\":\"\",\"alternateName\":\"Mutarjim\",\"potentialAction\":[{\"@type\":\"SearchAction\",\"target\":{\"@type\":\"EntryPoint\",\"urlTemplate\":\"https:\\\/\\\/mutercim.az\\\/?s={search_term_string}\"},\"query-input\":{\"@type\":\"PropertyValueSpecification\",\"valueRequired\":true,\"valueName\":\"search_term_string\"}}],\"inLanguage\":\"ru-RU\"}]}<\/script>\n<!-- \/ Yoast SEO plugin. -->","yoast_head_json":{"title":"M\u00fct\u0259rcim n\u0259\u015friyyat\u0131 | Kitab sifari\u015fi | \u0418\u0437\u0434\u0430\u0442\u0435\u043b\u044c\u0441\u0442\u0432\u043e \u043a\u043d\u0438\u0433 | HUMAN\u0130TAR ELML\u018fR\u0130N \u00d6YR\u018fN\u0130LM\u018fS\u0130N\u0130N AKTUAL PROBLEML\u018fR\u0130","robots":{"index":"index","follow":"follow","max-snippet":"max-snippet:-1","max-image-preview":"max-image-preview:large","max-video-preview":"max-video-preview:-1"},"canonical":"https:\/\/mutercim.az\/index.php\/kotacts\/","og_locale":"ru_RU","og_type":"article","og_title":"M\u00fct\u0259rcim n\u0259\u015friyyat\u0131 | Kitab sifari\u015fi | \u0418\u0437\u0434\u0430\u0442\u0435\u043b\u044c\u0441\u0442\u0432\u043e \u043a\u043d\u0438\u0433 | HUMAN\u0130TAR ELML\u018fR\u0130N \u00d6YR\u018fN\u0130LM\u018fS\u0130N\u0130N AKTUAL PROBLEML\u018fR\u0130","og_description":"(+994 12) 596-21-44","og_url":"https:\/\/mutercim.az\/index.php\/kotacts\/","article_modified_time":"2021-12-24T22:52:45+00:00","og_image":[{"width":2400,"height":2400,"url":"https:\/\/mutercim.az\/wp-content\/uploads\/2021\/12\/201-2010753_this-free-icons-png-design-of-flat-location-logo-location-logo-png.png","type":"image\/png"}],"twitter_card":"summary_large_image","schema":{"@context":"https:\/\/schema.org","@graph":[{"@type":"WebPage","@id":"https:\/\/mutercim.az\/index.php\/kotacts\/","url":"https:\/\/mutercim.az\/index.php\/kotacts\/","name":"M\u00fct\u0259rcim n\u0259\u015friyyat\u0131 | Kitab sifari\u015fi | \u0418\u0437\u0434\u0430\u0442\u0435\u043b\u044c\u0441\u0442\u0432\u043e \u043a\u043d\u0438\u0433 | HUMAN\u0130TAR ELML\u018fR\u0130N \u00d6YR\u018fN\u0130LM\u018fS\u0130N\u0130N AKTUAL PROBLEML\u018fR\u0130","isPartOf":{"@id":"https:\/\/mutercim.az\/#website"},"primaryImageOfPage":{"@id":"https:\/\/mutercim.az\/index.php\/kotacts\/#primaryimage"},"image":{"@id":"https:\/\/mutercim.az\/index.php\/kotacts\/#primaryimage"},"thumbnailUrl":"https:\/\/mutercim.az\/wp-content\/uploads\/2021\/12\/201-2010753_this-free-icons-png-design-of-flat-location-logo-location-logo-png-1024x1024.png","datePublished":"2021-12-24T12:33:20+00:00","dateModified":"2021-12-24T22:52:45+00:00","breadcrumb":{"@id":"https:\/\/mutercim.az\/index.php\/kotacts\/#breadcrumb"},"inLanguage":"ru-RU","potentialAction":[{"@type":"ReadAction","target":["https:\/\/mutercim.az\/index.php\/kotacts\/"]}]},{"@type":"ImageObject","inLanguage":"ru-RU","@id":"https:\/\/mutercim.az\/index.php\/kotacts\/#primaryimage","url":"https:\/\/mutercim.az\/wp-content\/uploads\/2021\/12\/201-2010753_this-free-icons-png-design-of-flat-location-logo-location-logo-png.png","contentUrl":"https:\/\/mutercim.az\/wp-content\/uploads\/2021\/12\/201-2010753_this-free-icons-png-design-of-flat-location-logo-location-logo-png.png","width":2400,"height":2400},{"@type":"BreadcrumbList","@id":"https:\/\/mutercim.az\/index.php\/kotacts\/#breadcrumb","itemListElement":[{"@type":"ListItem","position":1,"name":"\u0413\u043b\u0430\u0432\u043d\u0430\u044f \u0441\u0442\u0440\u0430\u043d\u0438\u0446\u0430","item":"https:\/\/mutercim.az\/"},{"@type":"ListItem","position":2,"name":"\u018flaq\u0259 m\u0259lumat\u0131"}]},{"@type":"WebSite","@id":"https:\/\/mutercim.az\/#website","url":"https:\/\/mutercim.az\/","name":"Mutercim","description":"","alternateName":"Mutarjim","potentialAction":[{"@type":"SearchAction","target":{"@type":"EntryPoint","urlTemplate":"https:\/\/mutercim.az\/?s={search_term_string}"},"query-input":{"@type":"PropertyValueSpecification","valueRequired":true,"valueName":"search_term_string"}}],"inLanguage":"ru-RU"}]}},"_links":{"self":[{"href":"https:\/\/mutercim.az\/index.php\/wp-json\/wp\/v2\/pages\/305","targetHints":{"allow":["GET"]}}],"collection":[{"href":"https:\/\/mutercim.az\/index.php\/wp-json\/wp\/v2\/pages"}],"about":[{"href":"https:\/\/mutercim.az\/index.php\/wp-json\/wp\/v2\/types\/page"}],"author":[{"embeddable":true,"href":"https:\/\/mutercim.az\/index.php\/wp-json\/wp\/v2\/users\/1"}],"replies":[{"embeddable":true,"href":"https:\/\/mutercim.az\/index.php\/wp-json\/wp\/v2\/comments?post=305"}],"version-history":[{"count":8,"href":"https:\/\/mutercim.az\/index.php\/wp-json\/wp\/v2\/pages\/305\/revisions"}],"predecessor-version":[{"id":371,"href":"https:\/\/mutercim.az\/index.php\/wp-json\/wp\/v2\/pages\/305\/revisions\/371"}],"wp:attachment":[{"href":"https:\/\/mutercim.az\/index.php\/wp-json\/wp\/v2\/media?parent=305"}],"curies":[{"name":"wp","href":"https:\/\/api.w.org\/{rel}","templated":true}]}}