{"id":466,"date":"2023-01-19T07:10:31","date_gmt":"2023-01-19T07:10:31","guid":{"rendered":"https:\/\/mutercim.az\/?page_id=466"},"modified":"2023-01-19T07:24:40","modified_gmt":"2023-01-19T07:24:40","slug":"axd","status":"publish","type":"page","link":"https:\/\/mutercim.az\/index.php\/axd\/","title":{"rendered":"Az\u0259rbaycanda Xarici Dill\u0259r"},"content":{"rendered":"\n<figure class=\"wp-block-image size-large is-resized\"><a href=\"https:\/\/mutercim.az\/wp-content\/uploads\/2023\/01\/AXD_1_2021.pdf\"><img fetchpriority=\"high\" decoding=\"async\" src=\"https:\/\/mutercim.az\/wp-content\/uploads\/2023\/01\/AZERB_XARICI-DILLER_cover_1_20--670x1024.jpg\" alt=\"\" class=\"wp-image-462\" width=\"226\" height=\"345\" srcset=\"https:\/\/mutercim.az\/wp-content\/uploads\/2023\/01\/AZERB_XARICI-DILLER_cover_1_20--670x1024.jpg 670w, https:\/\/mutercim.az\/wp-content\/uploads\/2023\/01\/AZERB_XARICI-DILLER_cover_1_20--196x300.jpg 196w, https:\/\/mutercim.az\/wp-content\/uploads\/2023\/01\/AZERB_XARICI-DILLER_cover_1_20--768x1175.jpg 768w, https:\/\/mutercim.az\/wp-content\/uploads\/2023\/01\/AZERB_XARICI-DILLER_cover_1_20--1004x1536.jpg 1004w, https:\/\/mutercim.az\/wp-content\/uploads\/2023\/01\/AZERB_XARICI-DILLER_cover_1_20--1339x2048.jpg 1339w, https:\/\/mutercim.az\/wp-content\/uploads\/2023\/01\/AZERB_XARICI-DILLER_cover_1_20--scaled.jpg 1674w\" sizes=\"(max-width: 226px) 100vw, 226px\" \/><\/a><\/figure>\n\n\n\n<figure class=\"wp-block-image size-large is-resized\"><a href=\"https:\/\/mutercim.az\/wp-content\/uploads\/2023\/01\/AXD_2_2021.pdf\"><img decoding=\"async\" src=\"https:\/\/mutercim.az\/wp-content\/uploads\/2023\/01\/AZERB_XARICI-DILLER_cover_2_20--670x1024.jpg\" alt=\"\" class=\"wp-image-463\" width=\"223\" height=\"341\" srcset=\"https:\/\/mutercim.az\/wp-content\/uploads\/2023\/01\/AZERB_XARICI-DILLER_cover_2_20--670x1024.jpg 670w, https:\/\/mutercim.az\/wp-content\/uploads\/2023\/01\/AZERB_XARICI-DILLER_cover_2_20--196x300.jpg 196w, https:\/\/mutercim.az\/wp-content\/uploads\/2023\/01\/AZERB_XARICI-DILLER_cover_2_20--768x1175.jpg 768w, https:\/\/mutercim.az\/wp-content\/uploads\/2023\/01\/AZERB_XARICI-DILLER_cover_2_20--1004x1536.jpg 1004w, https:\/\/mutercim.az\/wp-content\/uploads\/2023\/01\/AZERB_XARICI-DILLER_cover_2_20--1339x2048.jpg 1339w, https:\/\/mutercim.az\/wp-content\/uploads\/2023\/01\/AZERB_XARICI-DILLER_cover_2_20--scaled.jpg 1674w\" sizes=\"(max-width: 223px) 100vw, 223px\" \/><\/a><\/figure>\n","protected":false},"excerpt":{"rendered":"","protected":false},"author":1,"featured_media":0,"parent":0,"menu_order":0,"comment_status":"closed","ping_status":"closed","template":"","meta":{"footnotes":""},"class_list":["post-466","page","type-page","status-publish","hentry"],"yoast_head":"<!-- This site is optimized with the Yoast SEO plugin v27.4 - https:\/\/yoast.com\/product\/yoast-seo-wordpress\/ -->\n<title>M\u00fct\u0259rcim n\u0259\u015friyyat\u0131 | Kitab sifari\u015fi | \u0418\u0437\u0434\u0430\u0442\u0435\u043b\u044c\u0441\u0442\u0432\u043e \u043a\u043d\u0438\u0433 | HUMAN\u0130TAR ELML\u018fR\u0130N \u00d6YR\u018fN\u0130LM\u018fS\u0130N\u0130N AKTUAL PROBLEML\u018fR\u0130<\/title>\n<meta name=\"robots\" content=\"index, follow, max-snippet:-1, max-image-preview:large, max-video-preview:-1\" \/>\n<link rel=\"canonical\" href=\"https:\/\/mutercim.az\/index.php\/axd\/\" \/>\n<meta property=\"og:locale\" content=\"ru_RU\" \/>\n<meta property=\"og:type\" content=\"article\" \/>\n<meta property=\"og:title\" content=\"M\u00fct\u0259rcim n\u0259\u015friyyat\u0131 | Kitab sifari\u015fi | \u0418\u0437\u0434\u0430\u0442\u0435\u043b\u044c\u0441\u0442\u0432\u043e \u043a\u043d\u0438\u0433 | HUMAN\u0130TAR ELML\u018fR\u0130N \u00d6YR\u018fN\u0130LM\u018fS\u0130N\u0130N AKTUAL PROBLEML\u018fR\u0130\" \/>\n<meta property=\"og:url\" content=\"https:\/\/mutercim.az\/index.php\/axd\/\" \/>\n<meta property=\"article:modified_time\" content=\"2023-01-19T07:24:40+00:00\" \/>\n<meta property=\"og:image\" content=\"https:\/\/mutercim.az\/wp-content\/uploads\/2023\/01\/AZERB_XARICI-DILLER_cover_1_20--scaled.jpg\" \/>\n\t<meta property=\"og:image:width\" content=\"1674\" \/>\n\t<meta property=\"og:image:height\" content=\"2560\" \/>\n\t<meta property=\"og:image:type\" content=\"image\/jpeg\" \/>\n<meta name=\"twitter:card\" content=\"summary_large_image\" \/>\n<script type=\"application\/ld+json\" class=\"yoast-schema-graph\">{\"@context\":\"https:\\\/\\\/schema.org\",\"@graph\":[{\"@type\":\"WebPage\",\"@id\":\"https:\\\/\\\/mutercim.az\\\/index.php\\\/axd\\\/\",\"url\":\"https:\\\/\\\/mutercim.az\\\/index.php\\\/axd\\\/\",\"name\":\"M\u00fct\u0259rcim n\u0259\u015friyyat\u0131 | Kitab sifari\u015fi | \u0418\u0437\u0434\u0430\u0442\u0435\u043b\u044c\u0441\u0442\u0432\u043e \u043a\u043d\u0438\u0433 | HUMAN\u0130TAR ELML\u018fR\u0130N \u00d6YR\u018fN\u0130LM\u018fS\u0130N\u0130N AKTUAL PROBLEML\u018fR\u0130\",\"isPartOf\":{\"@id\":\"https:\\\/\\\/mutercim.az\\\/#website\"},\"primaryImageOfPage\":{\"@id\":\"https:\\\/\\\/mutercim.az\\\/index.php\\\/axd\\\/#primaryimage\"},\"image\":{\"@id\":\"https:\\\/\\\/mutercim.az\\\/index.php\\\/axd\\\/#primaryimage\"},\"thumbnailUrl\":\"https:\\\/\\\/mutercim.az\\\/wp-content\\\/uploads\\\/2023\\\/01\\\/AZERB_XARICI-DILLER_cover_1_20--670x1024.jpg\",\"datePublished\":\"2023-01-19T07:10:31+00:00\",\"dateModified\":\"2023-01-19T07:24:40+00:00\",\"breadcrumb\":{\"@id\":\"https:\\\/\\\/mutercim.az\\\/index.php\\\/axd\\\/#breadcrumb\"},\"inLanguage\":\"ru-RU\",\"potentialAction\":[{\"@type\":\"ReadAction\",\"target\":[\"https:\\\/\\\/mutercim.az\\\/index.php\\\/axd\\\/\"]}]},{\"@type\":\"ImageObject\",\"inLanguage\":\"ru-RU\",\"@id\":\"https:\\\/\\\/mutercim.az\\\/index.php\\\/axd\\\/#primaryimage\",\"url\":\"https:\\\/\\\/mutercim.az\\\/wp-content\\\/uploads\\\/2023\\\/01\\\/AZERB_XARICI-DILLER_cover_1_20--scaled.jpg\",\"contentUrl\":\"https:\\\/\\\/mutercim.az\\\/wp-content\\\/uploads\\\/2023\\\/01\\\/AZERB_XARICI-DILLER_cover_1_20--scaled.jpg\",\"width\":1674,\"height\":2560},{\"@type\":\"BreadcrumbList\",\"@id\":\"https:\\\/\\\/mutercim.az\\\/index.php\\\/axd\\\/#breadcrumb\",\"itemListElement\":[{\"@type\":\"ListItem\",\"position\":1,\"name\":\"\u0413\u043b\u0430\u0432\u043d\u0430\u044f \u0441\u0442\u0440\u0430\u043d\u0438\u0446\u0430\",\"item\":\"https:\\\/\\\/mutercim.az\\\/\"},{\"@type\":\"ListItem\",\"position\":2,\"name\":\"Az\u0259rbaycanda Xarici Dill\u0259r\"}]},{\"@type\":\"WebSite\",\"@id\":\"https:\\\/\\\/mutercim.az\\\/#website\",\"url\":\"https:\\\/\\\/mutercim.az\\\/\",\"name\":\"Mutercim\",\"description\":\"\",\"alternateName\":\"Mutarjim\",\"potentialAction\":[{\"@type\":\"SearchAction\",\"target\":{\"@type\":\"EntryPoint\",\"urlTemplate\":\"https:\\\/\\\/mutercim.az\\\/?s={search_term_string}\"},\"query-input\":{\"@type\":\"PropertyValueSpecification\",\"valueRequired\":true,\"valueName\":\"search_term_string\"}}],\"inLanguage\":\"ru-RU\"}]}<\/script>\n<!-- \/ Yoast SEO plugin. -->","yoast_head_json":{"title":"M\u00fct\u0259rcim n\u0259\u015friyyat\u0131 | Kitab sifari\u015fi | \u0418\u0437\u0434\u0430\u0442\u0435\u043b\u044c\u0441\u0442\u0432\u043e \u043a\u043d\u0438\u0433 | HUMAN\u0130TAR ELML\u018fR\u0130N \u00d6YR\u018fN\u0130LM\u018fS\u0130N\u0130N AKTUAL PROBLEML\u018fR\u0130","robots":{"index":"index","follow":"follow","max-snippet":"max-snippet:-1","max-image-preview":"max-image-preview:large","max-video-preview":"max-video-preview:-1"},"canonical":"https:\/\/mutercim.az\/index.php\/axd\/","og_locale":"ru_RU","og_type":"article","og_title":"M\u00fct\u0259rcim n\u0259\u015friyyat\u0131 | Kitab sifari\u015fi | \u0418\u0437\u0434\u0430\u0442\u0435\u043b\u044c\u0441\u0442\u0432\u043e \u043a\u043d\u0438\u0433 | HUMAN\u0130TAR ELML\u018fR\u0130N \u00d6YR\u018fN\u0130LM\u018fS\u0130N\u0130N AKTUAL PROBLEML\u018fR\u0130","og_url":"https:\/\/mutercim.az\/index.php\/axd\/","article_modified_time":"2023-01-19T07:24:40+00:00","og_image":[{"width":1674,"height":2560,"url":"https:\/\/mutercim.az\/wp-content\/uploads\/2023\/01\/AZERB_XARICI-DILLER_cover_1_20--scaled.jpg","type":"image\/jpeg"}],"twitter_card":"summary_large_image","schema":{"@context":"https:\/\/schema.org","@graph":[{"@type":"WebPage","@id":"https:\/\/mutercim.az\/index.php\/axd\/","url":"https:\/\/mutercim.az\/index.php\/axd\/","name":"M\u00fct\u0259rcim n\u0259\u015friyyat\u0131 | Kitab sifari\u015fi | \u0418\u0437\u0434\u0430\u0442\u0435\u043b\u044c\u0441\u0442\u0432\u043e \u043a\u043d\u0438\u0433 | HUMAN\u0130TAR ELML\u018fR\u0130N \u00d6YR\u018fN\u0130LM\u018fS\u0130N\u0130N AKTUAL PROBLEML\u018fR\u0130","isPartOf":{"@id":"https:\/\/mutercim.az\/#website"},"primaryImageOfPage":{"@id":"https:\/\/mutercim.az\/index.php\/axd\/#primaryimage"},"image":{"@id":"https:\/\/mutercim.az\/index.php\/axd\/#primaryimage"},"thumbnailUrl":"https:\/\/mutercim.az\/wp-content\/uploads\/2023\/01\/AZERB_XARICI-DILLER_cover_1_20--670x1024.jpg","datePublished":"2023-01-19T07:10:31+00:00","dateModified":"2023-01-19T07:24:40+00:00","breadcrumb":{"@id":"https:\/\/mutercim.az\/index.php\/axd\/#breadcrumb"},"inLanguage":"ru-RU","potentialAction":[{"@type":"ReadAction","target":["https:\/\/mutercim.az\/index.php\/axd\/"]}]},{"@type":"ImageObject","inLanguage":"ru-RU","@id":"https:\/\/mutercim.az\/index.php\/axd\/#primaryimage","url":"https:\/\/mutercim.az\/wp-content\/uploads\/2023\/01\/AZERB_XARICI-DILLER_cover_1_20--scaled.jpg","contentUrl":"https:\/\/mutercim.az\/wp-content\/uploads\/2023\/01\/AZERB_XARICI-DILLER_cover_1_20--scaled.jpg","width":1674,"height":2560},{"@type":"BreadcrumbList","@id":"https:\/\/mutercim.az\/index.php\/axd\/#breadcrumb","itemListElement":[{"@type":"ListItem","position":1,"name":"\u0413\u043b\u0430\u0432\u043d\u0430\u044f \u0441\u0442\u0440\u0430\u043d\u0438\u0446\u0430","item":"https:\/\/mutercim.az\/"},{"@type":"ListItem","position":2,"name":"Az\u0259rbaycanda Xarici Dill\u0259r"}]},{"@type":"WebSite","@id":"https:\/\/mutercim.az\/#website","url":"https:\/\/mutercim.az\/","name":"Mutercim","description":"","alternateName":"Mutarjim","potentialAction":[{"@type":"SearchAction","target":{"@type":"EntryPoint","urlTemplate":"https:\/\/mutercim.az\/?s={search_term_string}"},"query-input":{"@type":"PropertyValueSpecification","valueRequired":true,"valueName":"search_term_string"}}],"inLanguage":"ru-RU"}]}},"_links":{"self":[{"href":"https:\/\/mutercim.az\/index.php\/wp-json\/wp\/v2\/pages\/466","targetHints":{"allow":["GET"]}}],"collection":[{"href":"https:\/\/mutercim.az\/index.php\/wp-json\/wp\/v2\/pages"}],"about":[{"href":"https:\/\/mutercim.az\/index.php\/wp-json\/wp\/v2\/types\/page"}],"author":[{"embeddable":true,"href":"https:\/\/mutercim.az\/index.php\/wp-json\/wp\/v2\/users\/1"}],"replies":[{"embeddable":true,"href":"https:\/\/mutercim.az\/index.php\/wp-json\/wp\/v2\/comments?post=466"}],"version-history":[{"count":5,"href":"https:\/\/mutercim.az\/index.php\/wp-json\/wp\/v2\/pages\/466\/revisions"}],"predecessor-version":[{"id":474,"href":"https:\/\/mutercim.az\/index.php\/wp-json\/wp\/v2\/pages\/466\/revisions\/474"}],"wp:attachment":[{"href":"https:\/\/mutercim.az\/index.php\/wp-json\/wp\/v2\/media?parent=466"}],"curies":[{"name":"wp","href":"https:\/\/api.w.org\/{rel}","templated":true}]}}