{"id":548,"date":"2024-01-16T07:55:14","date_gmt":"2024-01-16T07:55:14","guid":{"rendered":"https:\/\/mutercim.az\/?page_id=548"},"modified":"2024-01-16T07:56:21","modified_gmt":"2024-01-16T07:56:21","slug":"mutercim","status":"publish","type":"page","link":"https:\/\/mutercim.az\/index.php\/mutercim\/","title":{"rendered":"M\u00dcT\u018fRC\u0130M JURNALI"},"content":{"rendered":"\n<p>\u018fD\u018fB\u0130, ELM\u0130, T\u018fRC\u00dcM\u018f JURNALI<\/p>\n\n\n\n<p>\u2116 48\/2023<\/p>\n\n\n\n<figure class=\"wp-block-gallery has-nested-images columns-default is-cropped wp-block-gallery-1 is-layout-flex wp-block-gallery-is-layout-flex\">\n<figure class=\"wp-block-image size-large\"><a href=\"https:\/\/mutercim.az\/wp-content\/uploads\/2024\/01\/Mutarcim_\u2116-48-2023.pdf\"><img fetchpriority=\"high\" decoding=\"async\" width=\"853\" height=\"1024\" data-id=\"549\" src=\"https:\/\/mutercim.az\/wp-content\/uploads\/2024\/01\/Book_Mocku\u044bp_5-853x1024.png\" alt=\"\" class=\"wp-image-549\" srcset=\"https:\/\/mutercim.az\/wp-content\/uploads\/2024\/01\/Book_Mocku\u044bp_5-853x1024.png 853w, https:\/\/mutercim.az\/wp-content\/uploads\/2024\/01\/Book_Mocku\u044bp_5-250x300.png 250w, https:\/\/mutercim.az\/wp-content\/uploads\/2024\/01\/Book_Mocku\u044bp_5-768x922.png 768w, https:\/\/mutercim.az\/wp-content\/uploads\/2024\/01\/Book_Mocku\u044bp_5-1280x1536.png 1280w, https:\/\/mutercim.az\/wp-content\/uploads\/2024\/01\/Book_Mocku\u044bp_5-1707x2048.png 1707w\" sizes=\"(max-width: 767px) 89vw, (max-width: 1000px) 54vw, (max-width: 1071px) 543px, 580px\" \/><\/a><\/figure>\n<\/figure>\n","protected":false},"excerpt":{"rendered":"<p>\u018fD\u018fB\u0130, ELM\u0130, T\u018fRC\u00dcM\u018f JURNALI \u2116 48\/2023<\/p>\n","protected":false},"author":1,"featured_media":0,"parent":0,"menu_order":0,"comment_status":"closed","ping_status":"closed","template":"","meta":{"footnotes":""},"class_list":["post-548","page","type-page","status-publish","hentry"],"yoast_head":"<!-- This site is optimized with the Yoast SEO plugin v27.4 - https:\/\/yoast.com\/product\/yoast-seo-wordpress\/ -->\n<title>M\u00fct\u0259rcim n\u0259\u015friyyat\u0131 | Kitab sifari\u015fi | \u0418\u0437\u0434\u0430\u0442\u0435\u043b\u044c\u0441\u0442\u0432\u043e \u043a\u043d\u0438\u0433 | HUMAN\u0130TAR ELML\u018fR\u0130N \u00d6YR\u018fN\u0130LM\u018fS\u0130N\u0130N AKTUAL PROBLEML\u018fR\u0130<\/title>\n<meta name=\"robots\" content=\"index, follow, max-snippet:-1, max-image-preview:large, max-video-preview:-1\" \/>\n<link rel=\"canonical\" href=\"https:\/\/mutercim.az\/index.php\/mutercim\/\" \/>\n<meta property=\"og:locale\" content=\"ru_RU\" \/>\n<meta property=\"og:type\" content=\"article\" \/>\n<meta property=\"og:title\" content=\"M\u00fct\u0259rcim n\u0259\u015friyyat\u0131 | Kitab sifari\u015fi | \u0418\u0437\u0434\u0430\u0442\u0435\u043b\u044c\u0441\u0442\u0432\u043e \u043a\u043d\u0438\u0433 | HUMAN\u0130TAR ELML\u018fR\u0130N \u00d6YR\u018fN\u0130LM\u018fS\u0130N\u0130N AKTUAL PROBLEML\u018fR\u0130\" \/>\n<meta property=\"og:description\" content=\"\u018fD\u018fB\u0130, ELM\u0130, T\u018fRC\u00dcM\u018f JURNALI \u2116 48\/2023\" \/>\n<meta property=\"og:url\" content=\"https:\/\/mutercim.az\/index.php\/mutercim\/\" \/>\n<meta property=\"article:modified_time\" content=\"2024-01-16T07:56:21+00:00\" \/>\n<meta property=\"og:image\" content=\"https:\/\/mutercim.az\/wp-content\/uploads\/2021\/12\/cropped-grg-scaled-4.jpg\" \/>\n\t<meta property=\"og:image:width\" content=\"1920\" \/>\n\t<meta property=\"og:image:height\" content=\"1009\" \/>\n\t<meta property=\"og:image:type\" content=\"image\/jpeg\" \/>\n<meta name=\"twitter:card\" content=\"summary_large_image\" \/>\n<script type=\"application\/ld+json\" class=\"yoast-schema-graph\">{\"@context\":\"https:\\\/\\\/schema.org\",\"@graph\":[{\"@type\":\"WebPage\",\"@id\":\"https:\\\/\\\/mutercim.az\\\/index.php\\\/mutercim\\\/\",\"url\":\"https:\\\/\\\/mutercim.az\\\/index.php\\\/mutercim\\\/\",\"name\":\"M\u00fct\u0259rcim n\u0259\u015friyyat\u0131 | Kitab sifari\u015fi | \u0418\u0437\u0434\u0430\u0442\u0435\u043b\u044c\u0441\u0442\u0432\u043e \u043a\u043d\u0438\u0433 | HUMAN\u0130TAR ELML\u018fR\u0130N \u00d6YR\u018fN\u0130LM\u018fS\u0130N\u0130N AKTUAL PROBLEML\u018fR\u0130\",\"isPartOf\":{\"@id\":\"https:\\\/\\\/mutercim.az\\\/#website\"},\"datePublished\":\"2024-01-16T07:55:14+00:00\",\"dateModified\":\"2024-01-16T07:56:21+00:00\",\"breadcrumb\":{\"@id\":\"https:\\\/\\\/mutercim.az\\\/index.php\\\/mutercim\\\/#breadcrumb\"},\"inLanguage\":\"ru-RU\",\"potentialAction\":[{\"@type\":\"ReadAction\",\"target\":[\"https:\\\/\\\/mutercim.az\\\/index.php\\\/mutercim\\\/\"]}]},{\"@type\":\"BreadcrumbList\",\"@id\":\"https:\\\/\\\/mutercim.az\\\/index.php\\\/mutercim\\\/#breadcrumb\",\"itemListElement\":[{\"@type\":\"ListItem\",\"position\":1,\"name\":\"\u0413\u043b\u0430\u0432\u043d\u0430\u044f \u0441\u0442\u0440\u0430\u043d\u0438\u0446\u0430\",\"item\":\"https:\\\/\\\/mutercim.az\\\/\"},{\"@type\":\"ListItem\",\"position\":2,\"name\":\"M\u00dcT\u018fRC\u0130M JURNALI\"}]},{\"@type\":\"WebSite\",\"@id\":\"https:\\\/\\\/mutercim.az\\\/#website\",\"url\":\"https:\\\/\\\/mutercim.az\\\/\",\"name\":\"Mutercim\",\"description\":\"\",\"alternateName\":\"Mutarjim\",\"potentialAction\":[{\"@type\":\"SearchAction\",\"target\":{\"@type\":\"EntryPoint\",\"urlTemplate\":\"https:\\\/\\\/mutercim.az\\\/?s={search_term_string}\"},\"query-input\":{\"@type\":\"PropertyValueSpecification\",\"valueRequired\":true,\"valueName\":\"search_term_string\"}}],\"inLanguage\":\"ru-RU\"}]}<\/script>\n<!-- \/ Yoast SEO plugin. -->","yoast_head_json":{"title":"M\u00fct\u0259rcim n\u0259\u015friyyat\u0131 | Kitab sifari\u015fi | \u0418\u0437\u0434\u0430\u0442\u0435\u043b\u044c\u0441\u0442\u0432\u043e \u043a\u043d\u0438\u0433 | HUMAN\u0130TAR ELML\u018fR\u0130N \u00d6YR\u018fN\u0130LM\u018fS\u0130N\u0130N AKTUAL PROBLEML\u018fR\u0130","robots":{"index":"index","follow":"follow","max-snippet":"max-snippet:-1","max-image-preview":"max-image-preview:large","max-video-preview":"max-video-preview:-1"},"canonical":"https:\/\/mutercim.az\/index.php\/mutercim\/","og_locale":"ru_RU","og_type":"article","og_title":"M\u00fct\u0259rcim n\u0259\u015friyyat\u0131 | Kitab sifari\u015fi | \u0418\u0437\u0434\u0430\u0442\u0435\u043b\u044c\u0441\u0442\u0432\u043e \u043a\u043d\u0438\u0433 | HUMAN\u0130TAR ELML\u018fR\u0130N \u00d6YR\u018fN\u0130LM\u018fS\u0130N\u0130N AKTUAL PROBLEML\u018fR\u0130","og_description":"\u018fD\u018fB\u0130, ELM\u0130, T\u018fRC\u00dcM\u018f JURNALI \u2116 48\/2023","og_url":"https:\/\/mutercim.az\/index.php\/mutercim\/","article_modified_time":"2024-01-16T07:56:21+00:00","og_image":[{"width":1920,"height":1009,"url":"https:\/\/mutercim.az\/wp-content\/uploads\/2021\/12\/cropped-grg-scaled-4.jpg","type":"image\/jpeg"}],"twitter_card":"summary_large_image","schema":{"@context":"https:\/\/schema.org","@graph":[{"@type":"WebPage","@id":"https:\/\/mutercim.az\/index.php\/mutercim\/","url":"https:\/\/mutercim.az\/index.php\/mutercim\/","name":"M\u00fct\u0259rcim n\u0259\u015friyyat\u0131 | Kitab sifari\u015fi | \u0418\u0437\u0434\u0430\u0442\u0435\u043b\u044c\u0441\u0442\u0432\u043e \u043a\u043d\u0438\u0433 | HUMAN\u0130TAR ELML\u018fR\u0130N \u00d6YR\u018fN\u0130LM\u018fS\u0130N\u0130N AKTUAL PROBLEML\u018fR\u0130","isPartOf":{"@id":"https:\/\/mutercim.az\/#website"},"datePublished":"2024-01-16T07:55:14+00:00","dateModified":"2024-01-16T07:56:21+00:00","breadcrumb":{"@id":"https:\/\/mutercim.az\/index.php\/mutercim\/#breadcrumb"},"inLanguage":"ru-RU","potentialAction":[{"@type":"ReadAction","target":["https:\/\/mutercim.az\/index.php\/mutercim\/"]}]},{"@type":"BreadcrumbList","@id":"https:\/\/mutercim.az\/index.php\/mutercim\/#breadcrumb","itemListElement":[{"@type":"ListItem","position":1,"name":"\u0413\u043b\u0430\u0432\u043d\u0430\u044f \u0441\u0442\u0440\u0430\u043d\u0438\u0446\u0430","item":"https:\/\/mutercim.az\/"},{"@type":"ListItem","position":2,"name":"M\u00dcT\u018fRC\u0130M JURNALI"}]},{"@type":"WebSite","@id":"https:\/\/mutercim.az\/#website","url":"https:\/\/mutercim.az\/","name":"Mutercim","description":"","alternateName":"Mutarjim","potentialAction":[{"@type":"SearchAction","target":{"@type":"EntryPoint","urlTemplate":"https:\/\/mutercim.az\/?s={search_term_string}"},"query-input":{"@type":"PropertyValueSpecification","valueRequired":true,"valueName":"search_term_string"}}],"inLanguage":"ru-RU"}]}},"_links":{"self":[{"href":"https:\/\/mutercim.az\/index.php\/wp-json\/wp\/v2\/pages\/548","targetHints":{"allow":["GET"]}}],"collection":[{"href":"https:\/\/mutercim.az\/index.php\/wp-json\/wp\/v2\/pages"}],"about":[{"href":"https:\/\/mutercim.az\/index.php\/wp-json\/wp\/v2\/types\/page"}],"author":[{"embeddable":true,"href":"https:\/\/mutercim.az\/index.php\/wp-json\/wp\/v2\/users\/1"}],"replies":[{"embeddable":true,"href":"https:\/\/mutercim.az\/index.php\/wp-json\/wp\/v2\/comments?post=548"}],"version-history":[{"count":3,"href":"https:\/\/mutercim.az\/index.php\/wp-json\/wp\/v2\/pages\/548\/revisions"}],"predecessor-version":[{"id":554,"href":"https:\/\/mutercim.az\/index.php\/wp-json\/wp\/v2\/pages\/548\/revisions\/554"}],"wp:attachment":[{"href":"https:\/\/mutercim.az\/index.php\/wp-json\/wp\/v2\/media?parent=548"}],"curies":[{"name":"wp","href":"https:\/\/api.w.org\/{rel}","templated":true}]}}